{"id":551,"date":"2023-05-03T18:00:32","date_gmt":"2023-05-03T16:00:32","guid":{"rendered":"https:\/\/yog-in.net\/fr\/?page_id=551"},"modified":"2023-06-01T07:24:09","modified_gmt":"2023-06-01T05:24:09","slug":"qui-sommes-nous","status":"publish","type":"page","link":"https:\/\/yog-in.net\/fr\/qui-sommes-nous\/","title":{"rendered":"Qui sommes nous\u202f?\u00a0"},"content":{"rendered":"\n<div class=\"wp-block-getwid-section alignfull alignfull getwid-section-content-full-width\"><div class=\"wp-block-getwid-section__wrapper getwid-padding-top-none getwid-padding-left-normal getwid-padding-right-normal getwid-padding-tablet-top-none getwid-padding-tablet-left-medium getwid-padding-tablet-right-medium getwid-padding-mobile-top-none getwid-padding-mobile-left-medium getwid-padding-mobile-right-medium\"><div class=\"wp-block-getwid-section__inner-wrapper\"><div class=\"wp-block-getwid-section__background-holder\"><div class=\"wp-block-getwid-section__background\"><\/div><div class=\"wp-block-getwid-section__foreground\"><\/div><\/div><div class=\"wp-block-getwid-section__content\"><div class=\"wp-block-getwid-section__inner-content\">\n<div class=\"wp-block-cover alignwide is-light\"><span aria-hidden=\"true\" class=\"wp-block-cover__background has-background-dim\"><\/span><img loading=\"lazy\" decoding=\"async\" width=\"512\" height=\"341\" sizes=\"auto, (max-width: 799px) 200vw, (max-width: 512px) 100vw, 512px\" class=\"wp-block-cover__image-background wp-image-122\" alt=\"\" src=\"https:\/\/yog-in.net\/fr\/wp-content\/uploads\/sites\/4\/2023\/04\/Yogin-mat-bamboo-05S.webp\" style=\"object-position:53% 73%\" data-object-fit=\"cover\" data-object-position=\"53% 73%\" srcset=\"https:\/\/yog-in.net\/fr\/wp-content\/uploads\/sites\/4\/2023\/04\/Yogin-mat-bamboo-05S.webp 512w, https:\/\/yog-in.net\/fr\/wp-content\/uploads\/sites\/4\/2023\/04\/Yogin-mat-bamboo-05S-300x200.webp 300w\" \/><div class=\"wp-block-cover__inner-container is-layout-flow wp-block-cover-is-layout-flow\">\n<div class=\"wp-block-stackable-heading stk-block-heading stk-block-heading--v2 stk-block stk-1ae58f3\" id=\"qui-sommes-nous\" data-block-id=\"1ae58f3\"><style>.stk-1ae58f3 .stk-block-heading__text{font-size:30px !important;color:#ffffff !important;font-family:\"Open Sans\",Sans-serif !important}@media screen and (max-width:1023px){.stk-1ae58f3 .stk-block-heading__text{font-size:30px !important}}<\/style><h4 class=\"stk-block-heading__text has-text-color has-custom-color-3-color\">Qui sommes nous\u202f?&nbsp;<\/h4><\/div>\n<\/div><\/div>\n<\/div><\/div><\/div><\/div><\/div>\n\n\n\n<div class=\"wp-block-getwid-section alignfull alignfull has-inner-blocks-gap-small getwid-section-content-full-width\"><div class=\"wp-block-getwid-section__wrapper getwid-padding-top-none getwid-padding-left-small getwid-padding-right-small\"><div class=\"wp-block-getwid-section__inner-wrapper\"><div class=\"wp-block-getwid-section__background-holder\"><div class=\"wp-block-getwid-section__background\"><\/div><div class=\"wp-block-getwid-section__foreground\"><\/div><\/div><div class=\"wp-block-getwid-section__content\"><div class=\"wp-block-getwid-section__inner-content\">\n<div class=\"wp-block-stackable-columns stk-block-columns stk-block stk-b3b163b\" data-block-id=\"b3b163b\"><div class=\"stk-row stk-inner-blocks stk-block-content stk-content-align stk-b3b163b-column\">\n<div class=\"wp-block-stackable-column stk-block-column stk-column stk-block stk-21ac957 stk-block-column--v3 stk-block-column--v2\" data-v=\"4\" id=\"qui-sommes-nous\" data-block-id=\"21ac957\"><style>.stk-21ac957-container{background-color:#ffffff !important}.stk-21ac957-container:before{background-color:#ffffff !important}<\/style><div class=\"stk-column-wrapper stk-block-column__content stk-container stk-21ac957-container stk-hover-parent\"><div class=\"stk-block-content stk-inner-blocks stk-21ac957-inner-blocks\">\n<div class=\"wp-block-stackable-card stk-block-card stk-block stk-8479ed6 is-style-default-2\" data-v=\"2\" data-block-id=\"8479ed6\"><div class=\"stk--no-padding stk-container stk-8479ed6-container stk--no-background stk--no-padding\"><figure class=\"stk-block-card__image stk-img-wrapper stk-image--shape-stretch\"><img loading=\"lazy\" decoding=\"async\" class=\"stk-img wp-image-135\" src=\"https:\/\/yog-in.net\/fr\/wp-content\/uploads\/sites\/4\/2023\/04\/Yogin-mat-plain-05S.webp\" width=\"512\" height=\"341\" srcset=\"https:\/\/yog-in.net\/fr\/wp-content\/uploads\/sites\/4\/2023\/04\/Yogin-mat-plain-05S.webp 512w, https:\/\/yog-in.net\/fr\/wp-content\/uploads\/sites\/4\/2023\/04\/Yogin-mat-plain-05S-300x200.webp 300w\" sizes=\"auto, (max-width: 512px) 100vw, 512px\" \/><\/figure><div class=\"stk-block-card__content\"><div class=\"stk-block-content stk-inner-blocks stk-8479ed6-inner-blocks\">\n<p>Accessoires pour le yoga \u00e9cologiques et responsables, produits dans le respect tant des personnes qui les utiliseront que de celles qui les ont fabriqu\u00e9s.<\/p>\n\n\n\n<p>Nous aimons notre plan\u00e8te et essayons de la respecter, c\u2019est pourquoi nous avons choisi des mati\u00e8res \u00e9cologiques, non toxiques et non polluantes ou des mati\u00e8res issues de techniques originales de recyclage. Le packaging de tous nos produits a \u00e9t\u00e9 r\u00e9duit \u00e0 l\u2019essentiel afin de respecter l\u2019environnement.<\/p>\n<\/div><\/div><\/div><\/div>\n<\/div><\/div><\/div>\n\n\n\n<div class=\"wp-block-stackable-column stk-block-column stk-column stk-block stk-9527a8c stk-block-column--v3 stk-block-column--v2\" data-v=\"4\" id=\"qui-sommes-nous\" data-block-id=\"9527a8c\"><style>.stk-9527a8c-container{background-color:#ffffff !important}.stk-9527a8c-container:before{background-color:#ffffff !important}<\/style><div class=\"stk-column-wrapper stk-block-column__content stk-container stk-9527a8c-container stk-hover-parent\"><div class=\"stk-block-content stk-inner-blocks stk-9527a8c-inner-blocks\">\n<div class=\"wp-block-stackable-card stk-block-card stk-block stk-107633e is-style-default-2\" data-v=\"2\" data-block-id=\"107633e\"><div class=\"stk--no-padding stk-container stk-107633e-container stk--no-background stk--no-padding\"><figure class=\"stk-block-card__image stk-img-wrapper stk-image--shape-stretch\"><img loading=\"lazy\" decoding=\"async\" class=\"stk-img wp-image-149\" src=\"https:\/\/yog-in.net\/fr\/wp-content\/uploads\/sites\/4\/2023\/04\/Yogin-mat-lotus-01S2.webp\" width=\"512\" height=\"341\" srcset=\"https:\/\/yog-in.net\/fr\/wp-content\/uploads\/sites\/4\/2023\/04\/Yogin-mat-lotus-01S2.webp 512w, https:\/\/yog-in.net\/fr\/wp-content\/uploads\/sites\/4\/2023\/04\/Yogin-mat-lotus-01S2-300x200.webp 300w\" sizes=\"auto, (max-width: 512px) 100vw, 512px\" \/><\/figure><div class=\"stk-block-card__content\"><div class=\"stk-block-content stk-inner-blocks stk-107633e-inner-blocks\">\n<p>Nos tapis sont r\u00e9alis\u00e9s en li\u00e8ge et caoutchouc naturel\u202f; ils ne contiennent ni PVC, ni m\u00e9taux lourds ou toute autre substance toxique.<\/p>\n\n\n\n<p>Le li\u00e8ge est l\u2019\u00e9corce d\u2019un arbre : le ch\u00eane-li\u00e8ge. Retir\u00e9 de l\u2019arbre sans l\u2019ab\u00eemer, elle se r\u00e9g\u00e9n\u00e8re naturellement durant toute la vie de l\u2019arbre. Ressource \u00e9minemment renouvelable et durable, le li\u00e8ge poss\u00e8de un nombre incroyable de qualit\u00e9s: tr\u00e8s bon isolant thermique, antibact\u00e9rien, imputrescible et hypoallerg\u00e9nique, imperm\u00e9able, 100% biod\u00e9gradable.<\/p>\n\n\n\n<p>Le caoutchouc naturel, obtenu \u00e0 partir de la s\u00e8ve de latex produite par certaines plantes, est \u00e9galement une ressource naturelle et enti\u00e8rement renouvelable.<\/p>\n<\/div><\/div><\/div><\/div>\n<\/div><\/div><\/div>\n<\/div><\/div>\n\n\n\n<div class=\"wp-block-stackable-columns stk-block-columns stk-block stk-6a09ae9\" data-block-id=\"6a09ae9\"><div class=\"stk-row stk-inner-blocks stk-block-content stk-content-align stk-6a09ae9-column\">\n<div class=\"wp-block-stackable-column stk-block-column stk-column stk-block stk-2fc649d stk-block-column--v3 stk-block-column--v2\" data-v=\"4\" id=\"livraison\" data-block-id=\"2fc649d\"><style>.stk-2fc649d-container{background-color:#ffffff !important}.stk-2fc649d-container:before{background-color:#ffffff !important}<\/style><div class=\"stk-column-wrapper stk-block-column__content stk-container stk-2fc649d-container stk-hover-parent\"><div class=\"stk-block-content stk-inner-blocks stk-2fc649d-inner-blocks\">\n<div class=\"wp-block-stackable-card stk-block-card stk-block stk-2377805 is-style-default-2\" data-v=\"2\" data-block-id=\"2377805\"><div class=\"stk--no-padding stk-container stk-2377805-container stk--no-background stk--no-padding\"><figure class=\"stk-block-card__image stk-img-wrapper stk-image--shape-stretch\"><img loading=\"lazy\" decoding=\"async\" class=\"stk-img wp-image-122\" src=\"https:\/\/yog-in.net\/fr\/wp-content\/uploads\/sites\/4\/2023\/04\/Yogin-mat-bamboo-05S.webp\" width=\"512\" height=\"341\" srcset=\"https:\/\/yog-in.net\/fr\/wp-content\/uploads\/sites\/4\/2023\/04\/Yogin-mat-bamboo-05S.webp 512w, https:\/\/yog-in.net\/fr\/wp-content\/uploads\/sites\/4\/2023\/04\/Yogin-mat-bamboo-05S-300x200.webp 300w\" sizes=\"auto, (max-width: 512px) 100vw, 512px\" \/><\/figure><div class=\"stk-block-card__content\"><div class=\"stk-block-content stk-inner-blocks stk-2377805-inner-blocks\">\n<p class=\"has-text-align-justify\">Nous avons choisi des m\u00e9thodes de production responsables et \u00e9quitables. Ainsi, nos produits en tissu sont confectionn\u00e9s \u00e0 Paris, dans des centres d\u2019aide offrant aux personnes handicap\u00e9es des possibilit\u00e9s d\u2019activit\u00e9s \u00e0 caract\u00e8re professionnel, en vue de favoriser leur \u00e9panouissement personnel et social ou par des associations de promotion f\u00e9minine en Afrique, dans le respect des principes du commerce \u00e9quitable.<\/p>\n\n\n\n<p>Nous veillons \u00e0 ce que nos fournisseurs respectent les \u00e9cosyst\u00e8mes, ainsi que les droits des collectivit\u00e9s locales.<\/p>\n<\/div><\/div><\/div><\/div>\n<\/div><\/div><\/div>\n\n\n\n<div class=\"wp-block-stackable-column stk-block-column stk-column stk-block stk-e567c20 stk-block-column--v3 stk-block-column--v2\" data-v=\"4\" id=\"livraison\" data-block-id=\"e567c20\"><style>.stk-e567c20-container{background-color:#ffffff !important}.stk-e567c20-container:before{background-color:#ffffff !important}<\/style><div class=\"stk-column-wrapper stk-block-column__content stk-container stk-e567c20-container stk-hover-parent\"><div class=\"stk-block-content stk-inner-blocks stk-e567c20-inner-blocks\">\n<div class=\"wp-block-stackable-card stk-block-card stk-block stk-b4153d9 is-style-default-2\" data-v=\"2\" data-block-id=\"b4153d9\"><div class=\"stk--no-padding stk-container stk-b4153d9-container stk--no-background stk--no-padding\"><figure class=\"stk-block-card__image stk-img-wrapper stk-image--shape-stretch\"><img loading=\"lazy\" decoding=\"async\" class=\"stk-img wp-image-142\" src=\"https:\/\/yog-in.net\/fr\/wp-content\/uploads\/sites\/4\/2023\/04\/Yogin-mat-lotus-04P.webp\" width=\"341\" height=\"512\" srcset=\"https:\/\/yog-in.net\/fr\/wp-content\/uploads\/sites\/4\/2023\/04\/Yogin-mat-lotus-04P.webp 341w, https:\/\/yog-in.net\/fr\/wp-content\/uploads\/sites\/4\/2023\/04\/Yogin-mat-lotus-04P-200x300.webp 200w\" sizes=\"auto, (max-width: 341px) 100vw, 341px\" \/><\/figure><div class=\"stk-block-card__content\"><div class=\"stk-block-content stk-inner-blocks stk-b4153d9-inner-blocks\">\n<p>Nous avons \u00e9galement souhait\u00e9 conclure un partenariat avec l\u2019association\u202fFrance-Inde-Karnataka (FIK), fond\u00e9e par Shri Mahesh Ghatradyal, acteur central de la diffusion du yoga en France.<\/p>\n\n\n\n<p>FIK a pour mission d\u2019apporter une aide m\u00e9dicale et \u00e9ducative aux populations tr\u00e8s d\u00e9favoris\u00e9es de l\u2019agglom\u00e9ration rurale d\u2019Halligudi et de ses alentours, dans la r\u00e9gion du Karnataka, au sud-ouest de l\u2019Inde. Nous nous engageons \u00e0 ses c\u00f4t\u00e9s en participant financi\u00e8rement aux projets mis en place.<\/p>\n<\/div><\/div><\/div><\/div>\n<\/div><\/div><\/div>\n<\/div><\/div>\n<\/div><\/div><\/div><\/div><\/div>\n","protected":false},"excerpt":{"rendered":"","protected":false},"author":1,"featured_media":0,"parent":0,"menu_order":0,"comment_status":"closed","ping_status":"closed","template":"","meta":{"footnotes":""},"class_list":["post-551","page","type-page","status-publish","hentry"],"yoast_head":"<!-- This site is optimized with the Yoast SEO plugin v27.4 - https:\/\/yoast.com\/product\/yoast-seo-wordpress\/ -->\n<title>Qui sommes nous\u202f?\u00a0 - YOG-IN France<\/title>\n<meta name=\"description\" content=\"Accessoires pour le yoga \u00e9cologiques et responsables, produits dans le respect tant des personnes qui les utiliseront que de celles qui les ont fabriqu\u00e9s.\" \/>\n<meta name=\"robots\" content=\"index, follow, max-snippet:-1, max-image-preview:large, max-video-preview:-1\" \/>\n<link rel=\"canonical\" href=\"https:\/\/yog-in.net\/fr\/qui-sommes-nous\/\" \/>\n<meta property=\"og:locale\" content=\"fr_FR\" \/>\n<meta property=\"og:type\" content=\"article\" \/>\n<meta property=\"og:title\" content=\"Qui sommes nous\u202f?\u00a0 - YOG-IN France\" \/>\n<meta property=\"og:description\" content=\"Accessoires pour le yoga \u00e9cologiques et responsables, produits dans le respect tant des personnes qui les utiliseront que de celles qui les ont fabriqu\u00e9s.\" \/>\n<meta property=\"og:url\" content=\"https:\/\/yog-in.net\/fr\/qui-sommes-nous\/\" \/>\n<meta property=\"og:site_name\" content=\"YOG-IN France\" \/>\n<meta property=\"article:modified_time\" content=\"2023-06-01T05:24:09+00:00\" \/>\n<meta property=\"og:image\" content=\"http:\/\/yog-in.net\/fr\/wp-content\/uploads\/sites\/4\/2023\/04\/Yogin-mat-bamboo-05S.webp\" \/>\n<meta name=\"twitter:card\" content=\"summary_large_image\" \/>\n<meta name=\"twitter:label1\" content=\"Dur\u00e9e de lecture estim\u00e9e\" \/>\n\t<meta name=\"twitter:data1\" content=\"3 minutes\" \/>\n<script type=\"application\/ld+json\" class=\"yoast-schema-graph\">{\"@context\":\"https:\\\/\\\/schema.org\",\"@graph\":[{\"@type\":\"WebPage\",\"@id\":\"https:\\\/\\\/yog-in.net\\\/fr\\\/qui-sommes-nous\\\/\",\"url\":\"https:\\\/\\\/yog-in.net\\\/fr\\\/qui-sommes-nous\\\/\",\"name\":\"Qui sommes nous\u202f?\u00a0 - YOG-IN France\",\"isPartOf\":{\"@id\":\"https:\\\/\\\/yog-in.net\\\/fr\\\/#website\"},\"primaryImageOfPage\":{\"@id\":\"https:\\\/\\\/yog-in.net\\\/fr\\\/qui-sommes-nous\\\/#primaryimage\"},\"image\":{\"@id\":\"https:\\\/\\\/yog-in.net\\\/fr\\\/qui-sommes-nous\\\/#primaryimage\"},\"thumbnailUrl\":\"http:\\\/\\\/yog-in.net\\\/fr\\\/wp-content\\\/uploads\\\/sites\\\/4\\\/2023\\\/04\\\/Yogin-mat-bamboo-05S.webp\",\"datePublished\":\"2023-05-03T16:00:32+00:00\",\"dateModified\":\"2023-06-01T05:24:09+00:00\",\"description\":\"Accessoires pour le yoga \u00e9cologiques et responsables, produits dans le respect tant des personnes qui les utiliseront que de celles qui les ont fabriqu\u00e9s.\",\"breadcrumb\":{\"@id\":\"https:\\\/\\\/yog-in.net\\\/fr\\\/qui-sommes-nous\\\/#breadcrumb\"},\"inLanguage\":\"fr-FR\",\"potentialAction\":[{\"@type\":\"ReadAction\",\"target\":[\"https:\\\/\\\/yog-in.net\\\/fr\\\/qui-sommes-nous\\\/\"]}]},{\"@type\":\"ImageObject\",\"inLanguage\":\"fr-FR\",\"@id\":\"https:\\\/\\\/yog-in.net\\\/fr\\\/qui-sommes-nous\\\/#primaryimage\",\"url\":\"http:\\\/\\\/yog-in.net\\\/fr\\\/wp-content\\\/uploads\\\/sites\\\/4\\\/2023\\\/04\\\/Yogin-mat-bamboo-05S.webp\",\"contentUrl\":\"http:\\\/\\\/yog-in.net\\\/fr\\\/wp-content\\\/uploads\\\/sites\\\/4\\\/2023\\\/04\\\/Yogin-mat-bamboo-05S.webp\"},{\"@type\":\"BreadcrumbList\",\"@id\":\"https:\\\/\\\/yog-in.net\\\/fr\\\/qui-sommes-nous\\\/#breadcrumb\",\"itemListElement\":[{\"@type\":\"ListItem\",\"position\":1,\"name\":\"Home\",\"item\":\"https:\\\/\\\/yog-in.net\\\/fr\\\/\"},{\"@type\":\"ListItem\",\"position\":2,\"name\":\"Qui sommes nous\u202f?\u00a0\"}]},{\"@type\":\"WebSite\",\"@id\":\"https:\\\/\\\/yog-in.net\\\/fr\\\/#website\",\"url\":\"https:\\\/\\\/yog-in.net\\\/fr\\\/\",\"name\":\"YOG-IN France\",\"description\":\"Produits et accessoires de yoga\",\"publisher\":{\"@id\":\"https:\\\/\\\/yog-in.net\\\/fr\\\/#organization\"},\"potentialAction\":[{\"@type\":\"SearchAction\",\"target\":{\"@type\":\"EntryPoint\",\"urlTemplate\":\"https:\\\/\\\/yog-in.net\\\/fr\\\/?s={search_term_string}\"},\"query-input\":{\"@type\":\"PropertyValueSpecification\",\"valueRequired\":true,\"valueName\":\"search_term_string\"}}],\"inLanguage\":\"fr-FR\"},{\"@type\":\"Organization\",\"@id\":\"https:\\\/\\\/yog-in.net\\\/fr\\\/#organization\",\"name\":\"YOG-IN France\",\"url\":\"https:\\\/\\\/yog-in.net\\\/fr\\\/\",\"logo\":{\"@type\":\"ImageObject\",\"inLanguage\":\"fr-FR\",\"@id\":\"https:\\\/\\\/yog-in.net\\\/fr\\\/#\\\/schema\\\/logo\\\/image\\\/\",\"url\":\"https:\\\/\\\/yog-in.net\\\/fr\\\/wp-content\\\/uploads\\\/sites\\\/4\\\/2023\\\/04\\\/yogin_logo_black_on_white_72dpi.png\",\"contentUrl\":\"https:\\\/\\\/yog-in.net\\\/fr\\\/wp-content\\\/uploads\\\/sites\\\/4\\\/2023\\\/04\\\/yogin_logo_black_on_white_72dpi.png\",\"width\":231,\"height\":171,\"caption\":\"YOG-IN France\"},\"image\":{\"@id\":\"https:\\\/\\\/yog-in.net\\\/fr\\\/#\\\/schema\\\/logo\\\/image\\\/\"}}]}<\/script>\n<!-- \/ Yoast SEO plugin. -->","yoast_head_json":{"title":"Qui sommes nous\u202f?\u00a0 - YOG-IN France","description":"Accessoires pour le yoga \u00e9cologiques et responsables, produits dans le respect tant des personnes qui les utiliseront que de celles qui les ont fabriqu\u00e9s.","robots":{"index":"index","follow":"follow","max-snippet":"max-snippet:-1","max-image-preview":"max-image-preview:large","max-video-preview":"max-video-preview:-1"},"canonical":"https:\/\/yog-in.net\/fr\/qui-sommes-nous\/","og_locale":"fr_FR","og_type":"article","og_title":"Qui sommes nous\u202f?\u00a0 - YOG-IN France","og_description":"Accessoires pour le yoga \u00e9cologiques et responsables, produits dans le respect tant des personnes qui les utiliseront que de celles qui les ont fabriqu\u00e9s.","og_url":"https:\/\/yog-in.net\/fr\/qui-sommes-nous\/","og_site_name":"YOG-IN France","article_modified_time":"2023-06-01T05:24:09+00:00","og_image":[{"url":"http:\/\/yog-in.net\/fr\/wp-content\/uploads\/sites\/4\/2023\/04\/Yogin-mat-bamboo-05S.webp","type":"","width":"","height":""}],"twitter_card":"summary_large_image","twitter_misc":{"Dur\u00e9e de lecture estim\u00e9e":"3 minutes"},"schema":{"@context":"https:\/\/schema.org","@graph":[{"@type":"WebPage","@id":"https:\/\/yog-in.net\/fr\/qui-sommes-nous\/","url":"https:\/\/yog-in.net\/fr\/qui-sommes-nous\/","name":"Qui sommes nous\u202f?\u00a0 - YOG-IN France","isPartOf":{"@id":"https:\/\/yog-in.net\/fr\/#website"},"primaryImageOfPage":{"@id":"https:\/\/yog-in.net\/fr\/qui-sommes-nous\/#primaryimage"},"image":{"@id":"https:\/\/yog-in.net\/fr\/qui-sommes-nous\/#primaryimage"},"thumbnailUrl":"http:\/\/yog-in.net\/fr\/wp-content\/uploads\/sites\/4\/2023\/04\/Yogin-mat-bamboo-05S.webp","datePublished":"2023-05-03T16:00:32+00:00","dateModified":"2023-06-01T05:24:09+00:00","description":"Accessoires pour le yoga \u00e9cologiques et responsables, produits dans le respect tant des personnes qui les utiliseront que de celles qui les ont fabriqu\u00e9s.","breadcrumb":{"@id":"https:\/\/yog-in.net\/fr\/qui-sommes-nous\/#breadcrumb"},"inLanguage":"fr-FR","potentialAction":[{"@type":"ReadAction","target":["https:\/\/yog-in.net\/fr\/qui-sommes-nous\/"]}]},{"@type":"ImageObject","inLanguage":"fr-FR","@id":"https:\/\/yog-in.net\/fr\/qui-sommes-nous\/#primaryimage","url":"http:\/\/yog-in.net\/fr\/wp-content\/uploads\/sites\/4\/2023\/04\/Yogin-mat-bamboo-05S.webp","contentUrl":"http:\/\/yog-in.net\/fr\/wp-content\/uploads\/sites\/4\/2023\/04\/Yogin-mat-bamboo-05S.webp"},{"@type":"BreadcrumbList","@id":"https:\/\/yog-in.net\/fr\/qui-sommes-nous\/#breadcrumb","itemListElement":[{"@type":"ListItem","position":1,"name":"Home","item":"https:\/\/yog-in.net\/fr\/"},{"@type":"ListItem","position":2,"name":"Qui sommes nous\u202f?\u00a0"}]},{"@type":"WebSite","@id":"https:\/\/yog-in.net\/fr\/#website","url":"https:\/\/yog-in.net\/fr\/","name":"YOG-IN France","description":"Produits et accessoires de yoga","publisher":{"@id":"https:\/\/yog-in.net\/fr\/#organization"},"potentialAction":[{"@type":"SearchAction","target":{"@type":"EntryPoint","urlTemplate":"https:\/\/yog-in.net\/fr\/?s={search_term_string}"},"query-input":{"@type":"PropertyValueSpecification","valueRequired":true,"valueName":"search_term_string"}}],"inLanguage":"fr-FR"},{"@type":"Organization","@id":"https:\/\/yog-in.net\/fr\/#organization","name":"YOG-IN France","url":"https:\/\/yog-in.net\/fr\/","logo":{"@type":"ImageObject","inLanguage":"fr-FR","@id":"https:\/\/yog-in.net\/fr\/#\/schema\/logo\/image\/","url":"https:\/\/yog-in.net\/fr\/wp-content\/uploads\/sites\/4\/2023\/04\/yogin_logo_black_on_white_72dpi.png","contentUrl":"https:\/\/yog-in.net\/fr\/wp-content\/uploads\/sites\/4\/2023\/04\/yogin_logo_black_on_white_72dpi.png","width":231,"height":171,"caption":"YOG-IN France"},"image":{"@id":"https:\/\/yog-in.net\/fr\/#\/schema\/logo\/image\/"}}]}},"_links":{"self":[{"href":"https:\/\/yog-in.net\/fr\/wp-json\/wp\/v2\/pages\/551","targetHints":{"allow":["GET"]}}],"collection":[{"href":"https:\/\/yog-in.net\/fr\/wp-json\/wp\/v2\/pages"}],"about":[{"href":"https:\/\/yog-in.net\/fr\/wp-json\/wp\/v2\/types\/page"}],"author":[{"embeddable":true,"href":"https:\/\/yog-in.net\/fr\/wp-json\/wp\/v2\/users\/1"}],"replies":[{"embeddable":true,"href":"https:\/\/yog-in.net\/fr\/wp-json\/wp\/v2\/comments?post=551"}],"version-history":[{"count":8,"href":"https:\/\/yog-in.net\/fr\/wp-json\/wp\/v2\/pages\/551\/revisions"}],"predecessor-version":[{"id":708,"href":"https:\/\/yog-in.net\/fr\/wp-json\/wp\/v2\/pages\/551\/revisions\/708"}],"wp:attachment":[{"href":"https:\/\/yog-in.net\/fr\/wp-json\/wp\/v2\/media?parent=551"}],"curies":[{"name":"wp","href":"https:\/\/api.w.org\/{rel}","templated":true}]}}