{"id":78,"date":"2023-04-27T12:32:34","date_gmt":"2023-04-27T10:32:34","guid":{"rendered":"https:\/\/yog-in.net\/fr\/?page_id=78"},"modified":"2023-05-09T08:02:42","modified_gmt":"2023-05-09T06:02:42","slug":"mentions-legales","status":"publish","type":"page","link":"https:\/\/yog-in.net\/fr\/mentions-legales\/","title":{"rendered":"Mentions legales"},"content":{"rendered":"\n<div class=\"wp-block-getwid-section alignwide alignwide\"><div class=\"wp-block-getwid-section__wrapper getwid-padding-left-large getwid-padding-right-large getwid-padding-tablet-top-none getwid-padding-tablet-left-medium getwid-padding-tablet-right-medium getwid-padding-mobile-top-none getwid-padding-mobile-left-medium getwid-padding-mobile-right-medium\"><div class=\"wp-block-getwid-section__inner-wrapper\"><div class=\"wp-block-getwid-section__background-holder\"><div class=\"wp-block-getwid-section__background has-background has-custom-color-2-background-color\"><\/div><div class=\"wp-block-getwid-section__foreground\"><\/div><\/div><div class=\"wp-block-getwid-section__content\"><div class=\"wp-block-getwid-section__inner-content\">\n<div class=\"wp-block-stackable-heading stk-block-heading stk-block-heading--v2 stk-block stk-bace8dc\" id=\"mentions-legales\" data-block-id=\"bace8dc\"><style>.stk-bace8dc .stk-block-heading__text{font-size:30px !important;color:#666666 !important;font-family:\"Open Sans\",Sans-serif !important}@media screen and (max-width:1023px){.stk-bace8dc .stk-block-heading__text{font-size:30px !important}}<\/style><h4 class=\"stk-block-heading__text has-text-color has-custom-color-1-color has-text-align-center\">MENTIONS LEGALES<\/h4><\/div>\n\n\n\n<p>Le pr\u00e9sent site&nbsp;<a href=\"https:\/\/yog-in.net\/fr\/\">YOG-IN<\/a> est \u00e9dit\u00e9 par la soci\u00e9t\u00e9 YOG-IN EURL, Soci\u00e9t\u00e9 unipersonnelle \u00e0 responsabilit\u00e9 limit\u00e9e au capital de 1.000 Euros, immatricul\u00e9e au RC Paris sous le N\u00b0 500 004&nbsp;684 dont le si\u00e8ge social est sis au 18 rue Buzelin, 75018, Paris.<\/p>\n\n\n\n<p>L\u2019h\u00e9bergement de ce site est assur\u00e9 par la soci\u00e9t\u00e9: Hostinger, bas\u00e9 \u00e0 Kaunas, Lituanie. Le serveur est situ\u00e9 aux Pays-Bas.<\/p>\n\n\n\n<p><strong>Conditions d\u2019utilisation du site<\/strong><strong><\/strong><\/p>\n\n\n\n<p>L\u2019utilisateur du pr\u00e9sent site reconna\u00eet avoir pris connaissance des pr\u00e9sentes conditions d\u2019utilisation et s\u2019engage \u00e0 les respecter.<\/p>\n\n\n\n<p><strong>Titularit\u00e9 des droits<\/strong><strong><\/strong><\/p>\n\n\n\n<p>Le pr\u00e9sent site et chacun des \u00e9l\u00e9ments qui le composent sont la propri\u00e9t\u00e9 intellectuelle exclusive de YOG-IN.<\/p>\n\n\n\n<p>Les utilisateurs ne sont pas autoris\u00e9s \u00e0 reproduire, repr\u00e9senter, modifier ou traduire le pr\u00e9sent site et chacun des \u00e9l\u00e9ments qui le composent sans l\u2019accord pr\u00e9alable \u00e9crit de YOG-IN.<\/p>\n\n\n\n<p><strong>Clause de non-responsabilit\u00e9<\/strong><strong><\/strong><\/p>\n\n\n\n<p>YOG-IN&nbsp;d\u00e9cline toute responsabilit\u00e9&nbsp;:<\/p>\n\n\n\n<ul class=\"wp-block-list\">\n<li>pour toute interruption du site ;<\/li>\n\n\n\n<li>survenance de bogues ;&nbsp;<\/li>\n\n\n\n<li>pour toute inexactitude ou omission portant sur des informations disponibles sur le site ;&nbsp;<\/li>\n\n\n\n<li>pour tout dommage r\u00e9sultant d&#8217;une intrusion frauduleuse d&#8217;un tiers ayant entra\u00een\u00e9 une modification des informations diffus\u00e9es sur ce site;&nbsp;<\/li>\n\n\n\n<li>et plus g\u00e9n\u00e9ralement, de tout dommage, en ce compris notamment&nbsp; les co\u00fbts pouvant survenir de l&#8217;acquisition de biens propos\u00e9s sur le site en raison de l&#8217;acc\u00e8s de quiconque au site ou de l&#8217;impossibilit\u00e9 d&#8217;y acc\u00e9der ou du cr\u00e9dit accord\u00e9 \u00e0 une information provenant directement ou indirectement de ce dernier.<\/li>\n<\/ul>\n\n\n\n<p><strong>Mise en place de liens hypertexte<\/strong><strong><\/strong><\/p>\n\n\n\n<p>Tous les liens avec le pr\u00e9sent site doivent faire l\u2019objet d\u2019une autorisation \u00e9crite pr\u00e9alable de l\u2019\u00e9diteur.<\/p>\n<\/div><\/div><\/div><\/div><\/div>\n","protected":false},"excerpt":{"rendered":"","protected":false},"author":1,"featured_media":0,"parent":0,"menu_order":0,"comment_status":"closed","ping_status":"closed","template":"","meta":{"footnotes":""},"class_list":["post-78","page","type-page","status-publish","hentry"],"yoast_head":"<!-- This site is optimized with the Yoast SEO plugin v27.4 - https:\/\/yoast.com\/product\/yoast-seo-wordpress\/ -->\n<title>Mentions legales - YOG-IN France<\/title>\n<meta name=\"description\" content=\"Les Mentions legales de YOG-IN\" \/>\n<meta name=\"robots\" content=\"index, follow, max-snippet:-1, max-image-preview:large, max-video-preview:-1\" \/>\n<link rel=\"canonical\" href=\"https:\/\/yog-in.net\/fr\/mentions-legales\/\" \/>\n<meta property=\"og:locale\" content=\"fr_FR\" \/>\n<meta property=\"og:type\" content=\"article\" \/>\n<meta property=\"og:title\" content=\"Mentions legales - YOG-IN France\" \/>\n<meta property=\"og:description\" content=\"Les Mentions legales de YOG-IN\" \/>\n<meta property=\"og:url\" content=\"https:\/\/yog-in.net\/fr\/mentions-legales\/\" \/>\n<meta property=\"og:site_name\" content=\"YOG-IN France\" \/>\n<meta property=\"article:modified_time\" content=\"2023-05-09T06:02:42+00:00\" \/>\n<meta name=\"twitter:card\" content=\"summary_large_image\" \/>\n<meta name=\"twitter:label1\" content=\"Dur\u00e9e de lecture estim\u00e9e\" \/>\n\t<meta name=\"twitter:data1\" content=\"2 minutes\" \/>\n<script type=\"application\/ld+json\" class=\"yoast-schema-graph\">{\"@context\":\"https:\\\/\\\/schema.org\",\"@graph\":[{\"@type\":\"WebPage\",\"@id\":\"https:\\\/\\\/yog-in.net\\\/fr\\\/mentions-legales\\\/\",\"url\":\"https:\\\/\\\/yog-in.net\\\/fr\\\/mentions-legales\\\/\",\"name\":\"Mentions legales - YOG-IN France\",\"isPartOf\":{\"@id\":\"https:\\\/\\\/yog-in.net\\\/fr\\\/#website\"},\"datePublished\":\"2023-04-27T10:32:34+00:00\",\"dateModified\":\"2023-05-09T06:02:42+00:00\",\"description\":\"Les Mentions legales de YOG-IN\",\"breadcrumb\":{\"@id\":\"https:\\\/\\\/yog-in.net\\\/fr\\\/mentions-legales\\\/#breadcrumb\"},\"inLanguage\":\"fr-FR\",\"potentialAction\":[{\"@type\":\"ReadAction\",\"target\":[\"https:\\\/\\\/yog-in.net\\\/fr\\\/mentions-legales\\\/\"]}]},{\"@type\":\"BreadcrumbList\",\"@id\":\"https:\\\/\\\/yog-in.net\\\/fr\\\/mentions-legales\\\/#breadcrumb\",\"itemListElement\":[{\"@type\":\"ListItem\",\"position\":1,\"name\":\"Home\",\"item\":\"https:\\\/\\\/yog-in.net\\\/fr\\\/\"},{\"@type\":\"ListItem\",\"position\":2,\"name\":\"Mentions legales\"}]},{\"@type\":\"WebSite\",\"@id\":\"https:\\\/\\\/yog-in.net\\\/fr\\\/#website\",\"url\":\"https:\\\/\\\/yog-in.net\\\/fr\\\/\",\"name\":\"YOG-IN France\",\"description\":\"Produits et accessoires de yoga\",\"publisher\":{\"@id\":\"https:\\\/\\\/yog-in.net\\\/fr\\\/#organization\"},\"potentialAction\":[{\"@type\":\"SearchAction\",\"target\":{\"@type\":\"EntryPoint\",\"urlTemplate\":\"https:\\\/\\\/yog-in.net\\\/fr\\\/?s={search_term_string}\"},\"query-input\":{\"@type\":\"PropertyValueSpecification\",\"valueRequired\":true,\"valueName\":\"search_term_string\"}}],\"inLanguage\":\"fr-FR\"},{\"@type\":\"Organization\",\"@id\":\"https:\\\/\\\/yog-in.net\\\/fr\\\/#organization\",\"name\":\"YOG-IN France\",\"url\":\"https:\\\/\\\/yog-in.net\\\/fr\\\/\",\"logo\":{\"@type\":\"ImageObject\",\"inLanguage\":\"fr-FR\",\"@id\":\"https:\\\/\\\/yog-in.net\\\/fr\\\/#\\\/schema\\\/logo\\\/image\\\/\",\"url\":\"https:\\\/\\\/yog-in.net\\\/fr\\\/wp-content\\\/uploads\\\/sites\\\/4\\\/2023\\\/04\\\/yogin_logo_black_on_white_72dpi.png\",\"contentUrl\":\"https:\\\/\\\/yog-in.net\\\/fr\\\/wp-content\\\/uploads\\\/sites\\\/4\\\/2023\\\/04\\\/yogin_logo_black_on_white_72dpi.png\",\"width\":231,\"height\":171,\"caption\":\"YOG-IN France\"},\"image\":{\"@id\":\"https:\\\/\\\/yog-in.net\\\/fr\\\/#\\\/schema\\\/logo\\\/image\\\/\"}}]}<\/script>\n<!-- \/ Yoast SEO plugin. -->","yoast_head_json":{"title":"Mentions legales - YOG-IN France","description":"Les Mentions legales de YOG-IN","robots":{"index":"index","follow":"follow","max-snippet":"max-snippet:-1","max-image-preview":"max-image-preview:large","max-video-preview":"max-video-preview:-1"},"canonical":"https:\/\/yog-in.net\/fr\/mentions-legales\/","og_locale":"fr_FR","og_type":"article","og_title":"Mentions legales - YOG-IN France","og_description":"Les Mentions legales de YOG-IN","og_url":"https:\/\/yog-in.net\/fr\/mentions-legales\/","og_site_name":"YOG-IN France","article_modified_time":"2023-05-09T06:02:42+00:00","twitter_card":"summary_large_image","twitter_misc":{"Dur\u00e9e de lecture estim\u00e9e":"2 minutes"},"schema":{"@context":"https:\/\/schema.org","@graph":[{"@type":"WebPage","@id":"https:\/\/yog-in.net\/fr\/mentions-legales\/","url":"https:\/\/yog-in.net\/fr\/mentions-legales\/","name":"Mentions legales - YOG-IN France","isPartOf":{"@id":"https:\/\/yog-in.net\/fr\/#website"},"datePublished":"2023-04-27T10:32:34+00:00","dateModified":"2023-05-09T06:02:42+00:00","description":"Les Mentions legales de YOG-IN","breadcrumb":{"@id":"https:\/\/yog-in.net\/fr\/mentions-legales\/#breadcrumb"},"inLanguage":"fr-FR","potentialAction":[{"@type":"ReadAction","target":["https:\/\/yog-in.net\/fr\/mentions-legales\/"]}]},{"@type":"BreadcrumbList","@id":"https:\/\/yog-in.net\/fr\/mentions-legales\/#breadcrumb","itemListElement":[{"@type":"ListItem","position":1,"name":"Home","item":"https:\/\/yog-in.net\/fr\/"},{"@type":"ListItem","position":2,"name":"Mentions legales"}]},{"@type":"WebSite","@id":"https:\/\/yog-in.net\/fr\/#website","url":"https:\/\/yog-in.net\/fr\/","name":"YOG-IN France","description":"Produits et accessoires de yoga","publisher":{"@id":"https:\/\/yog-in.net\/fr\/#organization"},"potentialAction":[{"@type":"SearchAction","target":{"@type":"EntryPoint","urlTemplate":"https:\/\/yog-in.net\/fr\/?s={search_term_string}"},"query-input":{"@type":"PropertyValueSpecification","valueRequired":true,"valueName":"search_term_string"}}],"inLanguage":"fr-FR"},{"@type":"Organization","@id":"https:\/\/yog-in.net\/fr\/#organization","name":"YOG-IN France","url":"https:\/\/yog-in.net\/fr\/","logo":{"@type":"ImageObject","inLanguage":"fr-FR","@id":"https:\/\/yog-in.net\/fr\/#\/schema\/logo\/image\/","url":"https:\/\/yog-in.net\/fr\/wp-content\/uploads\/sites\/4\/2023\/04\/yogin_logo_black_on_white_72dpi.png","contentUrl":"https:\/\/yog-in.net\/fr\/wp-content\/uploads\/sites\/4\/2023\/04\/yogin_logo_black_on_white_72dpi.png","width":231,"height":171,"caption":"YOG-IN France"},"image":{"@id":"https:\/\/yog-in.net\/fr\/#\/schema\/logo\/image\/"}}]}},"_links":{"self":[{"href":"https:\/\/yog-in.net\/fr\/wp-json\/wp\/v2\/pages\/78","targetHints":{"allow":["GET"]}}],"collection":[{"href":"https:\/\/yog-in.net\/fr\/wp-json\/wp\/v2\/pages"}],"about":[{"href":"https:\/\/yog-in.net\/fr\/wp-json\/wp\/v2\/types\/page"}],"author":[{"embeddable":true,"href":"https:\/\/yog-in.net\/fr\/wp-json\/wp\/v2\/users\/1"}],"replies":[{"embeddable":true,"href":"https:\/\/yog-in.net\/fr\/wp-json\/wp\/v2\/comments?post=78"}],"version-history":[{"count":12,"href":"https:\/\/yog-in.net\/fr\/wp-json\/wp\/v2\/pages\/78\/revisions"}],"predecessor-version":[{"id":646,"href":"https:\/\/yog-in.net\/fr\/wp-json\/wp\/v2\/pages\/78\/revisions\/646"}],"wp:attachment":[{"href":"https:\/\/yog-in.net\/fr\/wp-json\/wp\/v2\/media?parent=78"}],"curies":[{"name":"wp","href":"https:\/\/api.w.org\/{rel}","templated":true}]}}