{"id":79,"date":"2023-04-27T12:32:36","date_gmt":"2023-04-27T10:32:36","guid":{"rendered":"https:\/\/yog-in.net\/fr\/?page_id=79"},"modified":"2023-05-09T08:04:14","modified_gmt":"2023-05-09T06:04:14","slug":"politique-de-confidentialite","status":"publish","type":"page","link":"https:\/\/yog-in.net\/fr\/politique-de-confidentialite\/","title":{"rendered":"Politique de confidentialit\u00e9"},"content":{"rendered":"\n<div class=\"wp-block-getwid-section alignwide alignwide\"><div class=\"wp-block-getwid-section__wrapper getwid-padding-left-large getwid-padding-right-large getwid-padding-tablet-left-medium getwid-padding-tablet-right-medium getwid-padding-mobile-left-medium getwid-padding-mobile-right-medium\"><div class=\"wp-block-getwid-section__inner-wrapper\"><div class=\"wp-block-getwid-section__background-holder\"><div class=\"wp-block-getwid-section__background has-background has-custom-color-2-background-color\"><\/div><div class=\"wp-block-getwid-section__foreground\"><\/div><\/div><div class=\"wp-block-getwid-section__content\"><div class=\"wp-block-getwid-section__inner-content\">\n<div class=\"wp-block-stackable-heading stk-block-heading stk-block-heading--v2 stk-block stk-43319b6\" id=\"politique-de-confidentialite\" data-block-id=\"43319b6\"><style>.stk-43319b6 .stk-block-heading__text{font-size:30px !important;font-family:\"Open Sans\",Sans-serif !important}@media screen and (max-width:1023px){.stk-43319b6 .stk-block-heading__text{font-size:30px !important}}<\/style><h4 class=\"stk-block-heading__text has-text-align-center\">POLITIQUE DE CONFIDENTIALITE<\/h4><\/div>\n\n\n\n<p>Derni\u00e8re mise \u00e0 jour de la Politique de confidentialit\u00e9 de YOG-IN&nbsp;: le 24&nbsp;mars 2023<\/p>\n\n\n\n<p>YOG-IN accorde une attention particuli\u00e8re \u00e0 la protection et la s\u00e9curit\u00e9 des donn\u00e9es vous concernant. Dans ce contexte, YOG-IN respecte la r\u00e8glementation en mati\u00e8re de donn\u00e9es personnelles et de communications \u00e9lectroniques, dont notamment le R\u00e8glement (UE) 2016\/679 (R\u00e8glement G\u00e9n\u00e9ral sur la Protection des Donn\u00e9es \u2013 RGDP), ainsi que la loi n\u00b078-17 du 6 janvier 1978 modifi\u00e9e (loi dite \u00ab informatique et libert\u00e9s \u00bb).<\/p>\n\n\n\n<p>Vous trouverez ci-apr\u00e8s des informations concernant les donn\u00e9es que YOG-IN collecte lors de votre visite de son site et l\u2019usage qui en est fait.<\/p>\n\n\n\n<p><strong>YOG-IN<\/strong>&nbsp;se r\u00e9serve le droit de modifier cette Politique de confidentialit\u00e9 de temps \u00e0 autre. Si YOG-IN apporte des modifications, la date en haut de cette Politique de confidentialit\u00e9 sera mise \u00e0 jour. <strong>Veuillez consulter r\u00e9guli\u00e8rement cette Politique de confidentialit\u00e9 afin d\u2019\u00eatre s\u00fbr d\u2019avoir bien compris comment fonctionne le traitement de vos donn\u00e9es personnelles et les choix \u00e0 votre disposition concernant ce traitement.<\/strong><strong><\/strong><\/p>\n\n\n\n<p><strong>1. Noms et coordonn\u00e9es du responsable de traitement<\/strong><\/p>\n\n\n\n<p>YOG-IN EURL<br>10 rue Buzelin<br>F-75018 PARIS<br>Tel : +33 (0) 659778150<\/p>\n\n\n\n<p><strong>2. Informations concernant la collecte et le stockage de donn\u00e9es \u00e0 caract\u00e8re personnel, ainsi que sur l\u2019usage qui en est fait<\/strong><\/p>\n\n\n\n<p>YOG-IN en tant que responsable de traitement, est amen\u00e9 \u00e0 collecter et \u00e0 traiter des donn\u00e9es \u00e0 caract\u00e8re personnel vous concernant. On entend par \u00ab donn\u00e9e \u00e0 caract\u00e8re personnel \u00bb toutes les informations se rapportant \u00e0 vous, comme par exemple votre nom, votre adresse, votre adresse de courrier \u00e9lectronique, votre num\u00e9ro de t\u00e9l\u00e9phone, votre adresse IP, votre comportement\u2026\u2026<\/p>\n\n\n\n<p>Lorsque vous visitez simplement le site YOG-IN et que vous ne vous enregistrez pas ou ne nous communiquez aucune information vous concernant, YOG-IN ne collecte que les donn\u00e9es vous concernant qui sont transmises par votre navigateur web. Lors de votre visite sur le site, YOG-IN collecte les donn\u00e9es suivantes qui sont n\u00e9cessaires \u00e0 un acc\u00e8s s\u00e9curis\u00e9 et stable au site conform\u00e9ment \u00e0 l\u2019article 6, al. 1, 1\u00e8re phrase, f) du RGPD) : adresse IP&nbsp;; date et heure de la requ\u00eate&nbsp;; nom et URL du fichier consult\u00e9&nbsp;; URL du site d\u2019origine (Referrer-URL)&nbsp;; navigateur et syst\u00e8me d\u2019exploitation de votre terminal ainsi que le nom de votre fournisseur d\u2019acc\u00e8s. YOG-IN n\u2019est pas en mesure d\u2019attribuer ces donn\u00e9es \u00e0 une personne d\u00e9termin\u00e9e et ne croise pas ces informations avec d\u2019autres de ses sources d\u2019information.<\/p>\n\n\n\n<p>YOG-IN recueille \u00e9galement des donn\u00e9es personnelles en lien avec l\u2019achats de ses produits ou si vous nous fournissez des donn\u00e9es personnelles \u00e0 travers d\u2019autres canaux ou m\u00e9dias, tels que les m\u00e9dias sociaux. YOG-IN recueille notamment des donn\u00e9es personnelles directement de vous dans les cas suivants&nbsp;: enregistrement d\u2019un compte ; cr\u00e9ation d\u2019un profil; l\u2019interaction sur les m\u00e9dias sociaux; l\u2019achat de produits; la demande d\u2019information ou d\u2019assistance de notre part.&nbsp;<\/p>\n\n\n\n<p>YOG-IN traite les donn\u00e9es suivantes&nbsp;: votre nom, nom utilisateur, votre adresse email, n\u00b0 de t\u00e9l\u00e9phone, adresse postale, date de naissance, les pr\u00e9f\u00e9rences personnelles, et toute autre donn\u00e9e personnelle que vous choisissez d\u2019inclure dans votre profil dans d\u2019autres communications avec la Soci\u00e9t\u00e9, ainsi que les donn\u00e9es relatives \u00e0 votre paiement.<\/p>\n\n\n\n<p>La collecte et le traitement de vos donn\u00e9es qui vous transmettez dans ce cadre sont bas\u00e9s sur l\u2019article 6, alin\u00e9a 1, 1\u00e8re phrase, a) du RGPD et se justifient par votre consentement.<\/p>\n\n\n\n<p>Conform\u00e9ment aux obligations l\u00e9gales, YOG-IN conserve les donn\u00e9es personnelles pour la dur\u00e9e n\u00e9cessaire \u00e0 la r\u00e9alisation des objectifs pour lesquels celles-ci ont \u00e9t\u00e9 collect\u00e9es, sauf si une p\u00e9riode de conservation diff\u00e9rente est requise par la l\u00e9gislation en vigueur. S&#8217;agissant des donn\u00e9es communiqu\u00e9es pour toute commande en ligne, leur conservation n&#8217;exc\u00e8dera pas 5 ans.<\/p>\n\n\n\n<p>Le traitement de vos donn\u00e9es personnelles ne fait pas l\u2019objet d\u2019action ou de prise de d\u00e9cision enti\u00e8rement automatis\u00e9e de la part de YOG-IN.<\/p>\n\n\n\n<p><strong>3. Transmission des donn\u00e9es personnelles<\/strong><\/p>\n\n\n\n<p>Les donn\u00e9es \u00e0 caract\u00e8re personnel collect\u00e9es le sont \u00e0 l&#8217;usage exclusif de la soci\u00e9t\u00e9 YOG-IN.&nbsp;Toutefois, YOG-IN est susceptible de communiquer vos donn\u00e9es \u00e0 caract\u00e8re personnel \u00e0 ses sous-traitants, prestataires de services, partenaires et conseillers professionnels (juridiques, financiers, en assurance). YOG-IN ne partage avec ces tiers que les donn\u00e9es personnelles dont ils ont besoin pour effectuer leurs services. Ces communications sont en outre trait\u00e9es dans le cadre de contrats stricts imposant des exigences aux partenaires de YOG-IN, afin qu\u2019ils maintiennent le caract\u00e8re confidentiel et s\u00e9curis\u00e9 des donn\u00e9es personnelles qui leur sont transf\u00e9r\u00e9es. &nbsp;YOG-IN s\u2019engage \u00e0 ne pas communiquer, c\u00e9der ou transf\u00e9rer globalement \u00e0 des tiers vos donn\u00e9es \u00e0 caract\u00e8re personnel, sans avoir recueilli pr\u00e9alablement votre accord \u00e9crit, sauf exigence l\u00e9gale ou requ\u00eate des autorit\u00e9s administratives et judiciaires comp\u00e9tentes.<\/p>\n\n\n\n<p><strong>4<\/strong><strong>. Transfert hors UE<\/strong><\/p>\n\n\n\n<p>Vos donn\u00e9es personnelles restent \u00e0 l\u2019int\u00e9rieur de l\u2019UE, o\u00f9 YOG-IN met tout en \u0153uvre pour les prot\u00e9ger en respectant la r\u00e9glementation europ\u00e9enne.<\/p>\n\n\n\n<p><strong>5. Vos droits<\/strong><\/p>\n\n\n\n<p>Conform\u00e9ment \u00e0 la r\u00e8glementation applicable, les personnes concern\u00e9es par les traitements de donn\u00e9es \u00e0 caract\u00e8re personnel mis en \u0153uvre par YOG-IN reconnaissent avoir \u00e9t\u00e9 inform\u00e9es de leurs droits et b\u00e9n\u00e9ficient ainsi :<\/p>\n\n\n\n<ul class=\"wp-block-list\">\n<li>d\u2019un droit d\u2019acc\u00e8s et de rectification vous permettant de faire modifier, compl\u00e9ter ou mettre \u00e0 jour vos donn\u00e9es personnelles ;<\/li>\n\n\n\n<li>d\u2019un droit de suppression des donn\u00e9es inexactes, incompl\u00e8tes, \u00e9quivoques, p\u00e9rim\u00e9es, ou dont la collecte, l\u2019utilisation, la communication ou la conservation est interdite ;<\/li>\n\n\n\n<li>d\u2019un droit d\u2019opposition au traitement de vos donn\u00e9es pour des motifs l\u00e9gitimes;<\/li>\n\n\n\n<li>d\u2019un droit d\u2019opposition sans motif, \u00e0 l\u2019utilisation de vos donn\u00e9es \u00e0 des fins de prospection ;<\/li>\n\n\n\n<li>d\u2019un droit de d\u00e9finir des directives relatives au sort de vos donn\u00e9es personnelles apr\u00e8s la mort ;<\/li>\n\n\n\n<li>d\u2019un droit \u00e0 la portabilit\u00e9 des donn\u00e9es, dans un format structur\u00e9, couramment utilis\u00e9 et lisible par machine ;<\/li>\n\n\n\n<li>d\u2019un droit \u00e0 la limitation du traitement, dans les termes et conditions vis\u00e9s dans l\u2019article 18 du r\u00e8glement europ\u00e9en n\u00b02016\/679 du 27 avril 2016 ;<\/li>\n\n\n\n<li>du droit d\u2019introduire une r\u00e9clamation aupr\u00e8s de l\u2019autorit\u00e9 de contr\u00f4le comp\u00e9tente.<\/li>\n<\/ul>\n\n\n\n<p>Lorsque le traitement est fond\u00e9 sur votre consentement, vous pouvez retirer celui-ci \u00e0 tout moment en utilisant l\u2019adresse mail&nbsp;<a href=\"mailto:info@yog-in.net\">info@yog-in.net<\/a>.<\/p>\n\n\n\n<p><strong>6. Droit d\u2019opposition<\/strong><\/p>\n\n\n\n<p>Vous avez le droit de vous opposer \u00e0 tout moment, pour des raisons tenant \u00e0 votre situation particuli\u00e8re, \u00e0 un traitement des donn\u00e9es \u00e0 caract\u00e8re personnel vous concernant, fond\u00e9 sur l\u2019article 6, paragraphe 1, point e) ou f), y compris un profilage fond\u00e9 sur ces dispositions. Vous avez \u00e9galement le droit de vous opposer \u00e0 tout moment \u00e0 ce que vos donn\u00e9es soient trait\u00e9es \u00e0 des fins de prospection commerciale.<\/p>\n\n\n\n<p>Pour exercer votre droit d\u2019opposition ou pour retirer votre consentement pour le traitement des donn\u00e9es auquel vous avez consenti, vous pouvez nous contacter par e-mail info@yog-in.net ou par courrier \u00e0 l\u2019adresse suivante : 18 rue Buzelin, 75018 Paris.<\/p>\n\n\n\n<p><strong>7. Cookies<\/strong><\/p>\n\n\n\n<p>Vous \u00eates inform\u00e9 que, lors de la visite sur le site, des cookies sont susceptibles de s\u2019installer automatiquement sur votre logiciel de navigation.<\/p>\n\n\n\n<p>Les cookies sont des \u00ab informations stock\u00e9es dans l\u2019\u00e9quipement terminal \u00bb, qui sont d\u00e9pos\u00e9es par un site Internet sur le terminal d\u2019un utilisateur. D\u00e9poser un \u00ab cookie \u00bb consiste donc \u00e0 coller une \u00ab \u00e9tiquette \u00bb sur le terminal de l\u2019internaute. Si cette \u00e9tiquette contient un num\u00e9ro d\u2019identification unique, le site pourra utiliser cet identifiant pour distinguer un internaute d\u2019un autre, et donc le reconna\u00eetre d\u2019une visite \u00e0 l\u2019autre. Il sert principalement d\u2019identifiant et il ne peut \u00eatre ex\u00e9cut\u00e9 en tant que code, ni \u00eatre porteur de virus.<\/p>\n\n\n\n<p>Le but de ces cookies est de rendre votre visite de notre site plus fluide et conviviale.<\/p>\n\n\n\n<p>Ce site utilise les cookies suivants :<\/p>\n\n\n\n<ul class=\"wp-block-list\">\n<li>les cookies de session qui sont temporaires et supprim\u00e9s d\u00e8s que vous quittez votre navigateur ou le site,<\/li>\n\n\n\n<li>les cookies permanents qui restent sur votre terminal jusqu\u2019\u00e0 expiration de leur dur\u00e9e de vie ou jusqu\u2019\u00e0 ce que vous les supprimiez \u00e0 l\u2019aide des fonctionnalit\u00e9s de votre navigateur.<\/li>\n<\/ul>\n\n\n\n<p>Les informations recueillies par les cookies mis en \u0153uvre par YOG-IN et \u00e9num\u00e9r\u00e9s ci-apr\u00e8s font l\u2019objet de traitements informatiques fond\u00e9s sur notre int\u00e9r\u00eat l\u00e9gitime conform\u00e9ment \u00e0 l\u2019article 6 f) RGPD destin\u00e9s \u00e0 :<\/p>\n\n\n\n<ul class=\"wp-block-list\">\n<li>faciliter les connexions \u00e0 notre site. Ces traitements ne servent qu\u2019\u00e0 faciliter la navigation sur nos pages web et les donn\u00e9es personnelles dans les cookies ne font l\u2019objet d\u2019aucun transfert par YOG-IN \u00e0 des tiers ;<\/li>\n\n\n\n<li>effectuer des mesures et des analyses d\u2019audience et de fr\u00e9quentation et de votre navigation sur notre site \u00e0 des fins notamment d\u2019am\u00e9lioration de nos services.<\/li>\n<\/ul>\n\n\n\n<p>Les cookies ont une validit\u00e9 de 13 mois.<\/p>\n\n\n\n<p>Si vous souhaitez bloquer les cookies, votre navigateur vous donne la possibilit\u00e9 de le faire : vous pouvez refuser de recevoir et de sauvegarder de nouveaux cookies. Toutefois, si vous param\u00e9trez votre navigateur pour qu\u2019il refuse automatiquement les cookies, vous ne pourrez plus utiliser certaines fonctions du site web de YOG-IN.<\/p>\n\n\n\n<p>Si la plupart des navigateurs sont param\u00e9tr\u00e9s par d\u00e9faut et acceptent l\u2019installation de cookies, vous avez la possibilit\u00e9 de param\u00e9trer votre navigateur internet de mani\u00e8re \u00e0 accepter ou refuser l\u2019installation ou l\u2019utilisation de cookies ou encore de choisir ceux que vous acceptez selon leurs \u00e9metteurs. Vous pouvez cliquer sur le menu \u00ab Aide \u00bb de votre navigateur pour savoir comment modifier les pr\u00e9f\u00e9rences en mati\u00e8re de \u00abcookies\u00bb.<\/p>\n\n\n\n<p>Vous pouvez \u00e9galement param\u00e9trer votre navigateur pour accepter ou refuser au cas par cas les cookies pr\u00e9alablement \u00e0 leur installation. Vous pouvez \u00e9galement r\u00e9guli\u00e8rement supprimer les cookies de votre terminal via votre navigateur. N\u2019oubliez pas de param\u00e9trer l\u2019ensemble des navigateurs de vos diff\u00e9rents terminaux (tablettes, smartphones, ordinateurs.).<\/p>\n\n\n\n<p>L\u2019enregistrement d\u2019un cookie dans votre terminal est essentiellement subordonn\u00e9 \u00e0 votre volont\u00e9, que vous pouvez exprimer et modifier \u00e0 tout moment et gratuitement \u00e0 travers les choix qui vous sont offerts par votre logiciel de navigation.<\/p>\n\n\n\n<p><strong>8. <\/strong><strong>Sites tiers<\/strong><\/p>\n\n\n\n<p>Ce site peut contenir des liens vers d&#8217;autres sites web tiers qui ne sont pas contr\u00f4l\u00e9s ou exploit\u00e9s par YOG-IN. Veuillez noter que ces sites ont leurs propres politiques de confidentialit\u00e9 et que, dans la mesure o\u00f9 YOG-IN ne peut contr\u00f4ler ces sites et ces sources externes, elle ne peut \u00eatre tenue pour responsable des probl\u00e8mes d&#8217;acc\u00e8s ou de contenu de ces sites. Veuillez prendre connaissance de ces politiques avant de divulguer des donn\u00e9es personnelles lorsque vous visitez ces sites web de tiers.<\/p>\n\n\n\n<p>Le site YOG-IN utilise des plug-ins sociaux facilitant le partage du contenu du site sur les diff\u00e9rentes plateformes sociales (Facebook, Twitter, Google+\u2026). Ce type de bouton applicatif peut permettre au r\u00e9seau social concern\u00e9 de suivre votre navigation sur le site, du seul fait que votre compte au r\u00e9seau social concern\u00e9 \u00e9tait activ\u00e9 sur votre terminal (session ouverte), durant votre navigation sur le site. YOG-IN n\u2019a aucun contr\u00f4le sur le processus employ\u00e9 par les r\u00e9seaux sociaux pour collecter des informations relatives \u00e0 votre navigation sur le site et associ\u00e9es aux donn\u00e9es personnelles dont ils disposent. Nous vous invitons \u00e0 consulter les politiques de protection de la vie priv\u00e9e de ces r\u00e9seaux sociaux afin de prendre connaissance des finalit\u00e9s d\u2019utilisation, notamment publicitaires, des informations de navigation qu\u2019ils peuvent recueillir gr\u00e2ce \u00e0 ces boutons applicatifs.<\/p>\n\n\n\n<p><strong>9. S\u00e9curit\u00e9 des donn\u00e9es et communication par voie de courrier \u00e9lectronique<\/strong><strong><\/strong><\/p>\n\n\n\n<p>YOG-IN met en \u0153uvre tous les moyens techniques et organisationnels n\u00e9cessaires \u00e0 la sauvegarde de vos donn\u00e9es, en emp\u00eachant plus particuli\u00e8rement que des tiers puissent y acc\u00e9der.<\/p>\n\n\n\n<p>Les collaborateurs et les prestataires de services mandat\u00e9s par YOG-IN sont soumis \u00e0 une obligation de confidentialit\u00e9 et de respect de respect de la r\u00e8glementation en mati\u00e8re de donn\u00e9es personnelles.<\/p>\n\n\n\n<p>Toutefois, YOG-IN ne saurait garantir la s\u00e9curit\u00e9 absolue du r\u00e9seau internet ou de toute communication en ligne.<\/p>\n\n\n\n<p><strong>Veuillez adresser vos questions ou commentaires concernant la Politique de confidentialit\u00e9 ou les proc\u00e9dures de protection des donn\u00e9es \u00e0&nbsp;: <\/strong><a href=\"mailto:info@yog-in.net\" target=\"_blank\" rel=\"noreferrer noopener\"><strong>info@yog-in.net<\/strong><\/a><\/p>\n<\/div><\/div><\/div><\/div><\/div>\n","protected":false},"excerpt":{"rendered":"","protected":false},"author":1,"featured_media":0,"parent":0,"menu_order":0,"comment_status":"closed","ping_status":"closed","template":"","meta":{"footnotes":""},"class_list":["post-79","page","type-page","status-publish","hentry"],"yoast_head":"<!-- This site is optimized with the Yoast SEO plugin v27.4 - https:\/\/yoast.com\/product\/yoast-seo-wordpress\/ -->\n<title>Politique de confidentialit\u00e9 - YOG-IN France<\/title>\n<meta name=\"description\" content=\"La Politique de confidentialit\u00e9 de YOG-IN website\" \/>\n<meta name=\"robots\" content=\"index, follow, max-snippet:-1, max-image-preview:large, max-video-preview:-1\" \/>\n<link rel=\"canonical\" href=\"https:\/\/yog-in.net\/fr\/politique-de-confidentialite\/\" \/>\n<meta property=\"og:locale\" content=\"fr_FR\" \/>\n<meta property=\"og:type\" content=\"article\" \/>\n<meta property=\"og:title\" content=\"Politique de confidentialit\u00e9 - YOG-IN France\" \/>\n<meta property=\"og:description\" content=\"La Politique de confidentialit\u00e9 de YOG-IN website\" \/>\n<meta property=\"og:url\" content=\"https:\/\/yog-in.net\/fr\/politique-de-confidentialite\/\" \/>\n<meta property=\"og:site_name\" content=\"YOG-IN France\" \/>\n<meta property=\"article:modified_time\" content=\"2023-05-09T06:04:14+00:00\" \/>\n<meta name=\"twitter:card\" content=\"summary_large_image\" \/>\n<meta name=\"twitter:label1\" content=\"Dur\u00e9e de lecture estim\u00e9e\" \/>\n\t<meta name=\"twitter:data1\" content=\"10 minutes\" \/>\n<script type=\"application\/ld+json\" class=\"yoast-schema-graph\">{\"@context\":\"https:\\\/\\\/schema.org\",\"@graph\":[{\"@type\":\"WebPage\",\"@id\":\"https:\\\/\\\/yog-in.net\\\/fr\\\/politique-de-confidentialite\\\/\",\"url\":\"https:\\\/\\\/yog-in.net\\\/fr\\\/politique-de-confidentialite\\\/\",\"name\":\"Politique de confidentialit\u00e9 - YOG-IN France\",\"isPartOf\":{\"@id\":\"https:\\\/\\\/yog-in.net\\\/fr\\\/#website\"},\"datePublished\":\"2023-04-27T10:32:36+00:00\",\"dateModified\":\"2023-05-09T06:04:14+00:00\",\"description\":\"La Politique de confidentialit\u00e9 de YOG-IN website\",\"breadcrumb\":{\"@id\":\"https:\\\/\\\/yog-in.net\\\/fr\\\/politique-de-confidentialite\\\/#breadcrumb\"},\"inLanguage\":\"fr-FR\",\"potentialAction\":[{\"@type\":\"ReadAction\",\"target\":[\"https:\\\/\\\/yog-in.net\\\/fr\\\/politique-de-confidentialite\\\/\"]}]},{\"@type\":\"BreadcrumbList\",\"@id\":\"https:\\\/\\\/yog-in.net\\\/fr\\\/politique-de-confidentialite\\\/#breadcrumb\",\"itemListElement\":[{\"@type\":\"ListItem\",\"position\":1,\"name\":\"Home\",\"item\":\"https:\\\/\\\/yog-in.net\\\/fr\\\/\"},{\"@type\":\"ListItem\",\"position\":2,\"name\":\"Politique de confidentialit\u00e9\"}]},{\"@type\":\"WebSite\",\"@id\":\"https:\\\/\\\/yog-in.net\\\/fr\\\/#website\",\"url\":\"https:\\\/\\\/yog-in.net\\\/fr\\\/\",\"name\":\"YOG-IN France\",\"description\":\"Produits et accessoires de yoga\",\"publisher\":{\"@id\":\"https:\\\/\\\/yog-in.net\\\/fr\\\/#organization\"},\"potentialAction\":[{\"@type\":\"SearchAction\",\"target\":{\"@type\":\"EntryPoint\",\"urlTemplate\":\"https:\\\/\\\/yog-in.net\\\/fr\\\/?s={search_term_string}\"},\"query-input\":{\"@type\":\"PropertyValueSpecification\",\"valueRequired\":true,\"valueName\":\"search_term_string\"}}],\"inLanguage\":\"fr-FR\"},{\"@type\":\"Organization\",\"@id\":\"https:\\\/\\\/yog-in.net\\\/fr\\\/#organization\",\"name\":\"YOG-IN France\",\"url\":\"https:\\\/\\\/yog-in.net\\\/fr\\\/\",\"logo\":{\"@type\":\"ImageObject\",\"inLanguage\":\"fr-FR\",\"@id\":\"https:\\\/\\\/yog-in.net\\\/fr\\\/#\\\/schema\\\/logo\\\/image\\\/\",\"url\":\"https:\\\/\\\/yog-in.net\\\/fr\\\/wp-content\\\/uploads\\\/sites\\\/4\\\/2023\\\/04\\\/yogin_logo_black_on_white_72dpi.png\",\"contentUrl\":\"https:\\\/\\\/yog-in.net\\\/fr\\\/wp-content\\\/uploads\\\/sites\\\/4\\\/2023\\\/04\\\/yogin_logo_black_on_white_72dpi.png\",\"width\":231,\"height\":171,\"caption\":\"YOG-IN France\"},\"image\":{\"@id\":\"https:\\\/\\\/yog-in.net\\\/fr\\\/#\\\/schema\\\/logo\\\/image\\\/\"}}]}<\/script>\n<!-- \/ Yoast SEO plugin. -->","yoast_head_json":{"title":"Politique de confidentialit\u00e9 - YOG-IN France","description":"La Politique de confidentialit\u00e9 de YOG-IN website","robots":{"index":"index","follow":"follow","max-snippet":"max-snippet:-1","max-image-preview":"max-image-preview:large","max-video-preview":"max-video-preview:-1"},"canonical":"https:\/\/yog-in.net\/fr\/politique-de-confidentialite\/","og_locale":"fr_FR","og_type":"article","og_title":"Politique de confidentialit\u00e9 - YOG-IN France","og_description":"La Politique de confidentialit\u00e9 de YOG-IN website","og_url":"https:\/\/yog-in.net\/fr\/politique-de-confidentialite\/","og_site_name":"YOG-IN France","article_modified_time":"2023-05-09T06:04:14+00:00","twitter_card":"summary_large_image","twitter_misc":{"Dur\u00e9e de lecture estim\u00e9e":"10 minutes"},"schema":{"@context":"https:\/\/schema.org","@graph":[{"@type":"WebPage","@id":"https:\/\/yog-in.net\/fr\/politique-de-confidentialite\/","url":"https:\/\/yog-in.net\/fr\/politique-de-confidentialite\/","name":"Politique de confidentialit\u00e9 - YOG-IN France","isPartOf":{"@id":"https:\/\/yog-in.net\/fr\/#website"},"datePublished":"2023-04-27T10:32:36+00:00","dateModified":"2023-05-09T06:04:14+00:00","description":"La Politique de confidentialit\u00e9 de YOG-IN website","breadcrumb":{"@id":"https:\/\/yog-in.net\/fr\/politique-de-confidentialite\/#breadcrumb"},"inLanguage":"fr-FR","potentialAction":[{"@type":"ReadAction","target":["https:\/\/yog-in.net\/fr\/politique-de-confidentialite\/"]}]},{"@type":"BreadcrumbList","@id":"https:\/\/yog-in.net\/fr\/politique-de-confidentialite\/#breadcrumb","itemListElement":[{"@type":"ListItem","position":1,"name":"Home","item":"https:\/\/yog-in.net\/fr\/"},{"@type":"ListItem","position":2,"name":"Politique de confidentialit\u00e9"}]},{"@type":"WebSite","@id":"https:\/\/yog-in.net\/fr\/#website","url":"https:\/\/yog-in.net\/fr\/","name":"YOG-IN France","description":"Produits et accessoires de yoga","publisher":{"@id":"https:\/\/yog-in.net\/fr\/#organization"},"potentialAction":[{"@type":"SearchAction","target":{"@type":"EntryPoint","urlTemplate":"https:\/\/yog-in.net\/fr\/?s={search_term_string}"},"query-input":{"@type":"PropertyValueSpecification","valueRequired":true,"valueName":"search_term_string"}}],"inLanguage":"fr-FR"},{"@type":"Organization","@id":"https:\/\/yog-in.net\/fr\/#organization","name":"YOG-IN France","url":"https:\/\/yog-in.net\/fr\/","logo":{"@type":"ImageObject","inLanguage":"fr-FR","@id":"https:\/\/yog-in.net\/fr\/#\/schema\/logo\/image\/","url":"https:\/\/yog-in.net\/fr\/wp-content\/uploads\/sites\/4\/2023\/04\/yogin_logo_black_on_white_72dpi.png","contentUrl":"https:\/\/yog-in.net\/fr\/wp-content\/uploads\/sites\/4\/2023\/04\/yogin_logo_black_on_white_72dpi.png","width":231,"height":171,"caption":"YOG-IN France"},"image":{"@id":"https:\/\/yog-in.net\/fr\/#\/schema\/logo\/image\/"}}]}},"_links":{"self":[{"href":"https:\/\/yog-in.net\/fr\/wp-json\/wp\/v2\/pages\/79","targetHints":{"allow":["GET"]}}],"collection":[{"href":"https:\/\/yog-in.net\/fr\/wp-json\/wp\/v2\/pages"}],"about":[{"href":"https:\/\/yog-in.net\/fr\/wp-json\/wp\/v2\/types\/page"}],"author":[{"embeddable":true,"href":"https:\/\/yog-in.net\/fr\/wp-json\/wp\/v2\/users\/1"}],"replies":[{"embeddable":true,"href":"https:\/\/yog-in.net\/fr\/wp-json\/wp\/v2\/comments?post=79"}],"version-history":[{"count":8,"href":"https:\/\/yog-in.net\/fr\/wp-json\/wp\/v2\/pages\/79\/revisions"}],"predecessor-version":[{"id":541,"href":"https:\/\/yog-in.net\/fr\/wp-json\/wp\/v2\/pages\/79\/revisions\/541"}],"wp:attachment":[{"href":"https:\/\/yog-in.net\/fr\/wp-json\/wp\/v2\/media?parent=79"}],"curies":[{"name":"wp","href":"https:\/\/api.w.org\/{rel}","templated":true}]}}