{"id":183,"date":"2023-04-28T09:30:24","date_gmt":"2023-04-28T07:30:24","guid":{"rendered":"https:\/\/yog-in.net\/fr\/?post_type=product&#038;p=183"},"modified":"2024-09-02T13:09:51","modified_gmt":"2024-09-02T11:09:51","slug":"tapis-padma","status":"publish","type":"product","link":"https:\/\/yog-in.net\/fr\/produit\/tapis-padma\/","title":{"rendered":"PADMA"},"content":{"rendered":"<p><b><span data-contrast=\"auto\">TAPIS DE YOGA ECOLOGIQUES<\/span><\/b><span data-ccp-props=\"{&quot;134233117&quot;:true,&quot;134233118&quot;:true,&quot;201341983&quot;:0,&quot;335551550&quot;:6,&quot;335551620&quot;:6,&quot;335559740&quot;:240}\">\u00a0<\/span><\/p>\n<p><span data-contrast=\"auto\">Le tapis YOG-IN est fabriqu\u00e9 en li\u00e8ge sur la face sup\u00e9rieure et en caoutchouc naturel sur la face inf\u00e9rieure. Le li\u00e8ge est doux au toucher et naturellement antibact\u00e9rien ; il absorbe l&#8217;humidit\u00e9 et offre une prise et un effet antid\u00e9rapant exceptionnels. Le caoutchouc est isolant et antid\u00e9rapant\u202f; le tapis YOG-IN ne se d\u00e9place jamais pendant la pratique.<\/span><span data-ccp-props=\"{&quot;134233117&quot;:true,&quot;134233118&quot;:true,&quot;201341983&quot;:0,&quot;335551550&quot;:6,&quot;335551620&quot;:6,&quot;335559740&quot;:240}\">\u00a0<\/span><\/p>\n<p><span data-contrast=\"auto\">Le tapis YOG-IN est \u00e9co-compatible et biod\u00e9gradable, sans PVC ou autre plastique, ni m\u00e9taux lourds ou toute autre substance toxique ou produits dommageables pour la couche d\u2019ozone.<\/span><span data-ccp-props=\"{&quot;201341983&quot;:0,&quot;335551550&quot;:6,&quot;335551620&quot;:6,&quot;335559739&quot;:160,&quot;335559740&quot;:259}\">\u00a0<\/span><\/p>\n<p><span data-contrast=\"auto\"><strong>Dimensions\u202f<\/strong>:\u202f61 cm X 183 cm<\/span><span data-ccp-props=\"{&quot;134233117&quot;:true,&quot;134233118&quot;:true,&quot;201341983&quot;:0,&quot;335551550&quot;:6,&quot;335551620&quot;:6,&quot;335559740&quot;:240}\">\u00a0<\/span><\/p>\n<p><span data-contrast=\"auto\"><strong>Epaisseur\u202f<\/strong>: 4mm<\/span><span data-ccp-props=\"{&quot;134233117&quot;:true,&quot;134233118&quot;:true,&quot;201341983&quot;:0,&quot;335551550&quot;:6,&quot;335551620&quot;:6,&quot;335559740&quot;:240}\">\u00a0<\/span><\/p>\n<p><span data-contrast=\"auto\"><strong>Poids\u202f<\/strong>: 2,4 Kg<\/span><\/p>\n<p>&nbsp;<\/p>\n","protected":false},"excerpt":{"rendered":"<p><span class=\"TextRun SCXW222234107 BCX0\" lang=\"FR-FR\" xml:lang=\"FR-FR\" data-contrast=\"auto\"><span class=\"NormalTextRun SCXW222234107 BCX0\">PADMA<\/span><span class=\"NormalTextRun SCXW222234107 BCX0\">,<\/span><span class=\"NormalTextRun SCXW222234107 BCX0\"> avec ligne d&#8217;alignement centrale, pour les pratiquants rigoureux<\/span><\/span><span class=\"EOP SCXW222234107 BCX0\" data-ccp-props=\"{&quot;201341983&quot;:0,&quot;335551550&quot;:6,&quot;335551620&quot;:6,&quot;335559739&quot;:160,&quot;335559740&quot;:259}\">\u00a0<\/span><\/p>\n","protected":false},"featured_media":149,"template":"","meta":[],"product_brand":[],"product_cat":[28,24],"product_tag":[],"class_list":{"0":"post-183","1":"product","2":"type-product","3":"status-publish","4":"has-post-thumbnail","6":"product_cat-padma","7":"product_cat-tapis","8":"product_shipping_class-tapi","10":"first","11":"instock","12":"shipping-taxable","13":"purchasable","14":"product-type-simple"},"yoast_head":"<!-- This site is optimized with the Yoast SEO plugin v27.4 - https:\/\/yoast.com\/product\/yoast-seo-wordpress\/ -->\n<title>PADMA - YOG-IN France<\/title>\n<meta name=\"robots\" content=\"index, follow, max-snippet:-1, max-image-preview:large, max-video-preview:-1\" \/>\n<link rel=\"canonical\" href=\"https:\/\/yog-in.net\/fr\/produit\/tapis-padma\/\" \/>\n<meta property=\"og:locale\" content=\"fr_FR\" \/>\n<meta property=\"og:type\" content=\"article\" \/>\n<meta property=\"og:title\" content=\"PADMA - YOG-IN France\" \/>\n<meta property=\"og:description\" content=\"PADMA, avec ligne d&#039;alignement centrale, pour les pratiquants rigoureux\u00a0\" \/>\n<meta property=\"og:url\" content=\"https:\/\/yog-in.net\/fr\/produit\/tapis-padma\/\" \/>\n<meta property=\"og:site_name\" content=\"YOG-IN France\" \/>\n<meta property=\"article:modified_time\" content=\"2024-09-02T11:09:51+00:00\" \/>\n<meta property=\"og:image\" content=\"https:\/\/yog-in.net\/fr\/wp-content\/uploads\/sites\/4\/2023\/04\/Yogin-mat-lotus-01S2.webp\" \/>\n\t<meta property=\"og:image:width\" content=\"512\" \/>\n\t<meta property=\"og:image:height\" content=\"341\" \/>\n\t<meta property=\"og:image:type\" content=\"image\/webp\" \/>\n<meta name=\"twitter:card\" content=\"summary_large_image\" \/>\n<meta name=\"twitter:label1\" content=\"Dur\u00e9e de lecture estim\u00e9e\" \/>\n\t<meta name=\"twitter:data1\" content=\"1 minute\" \/>\n<script type=\"application\/ld+json\" class=\"yoast-schema-graph\">{\"@context\":\"https:\\\/\\\/schema.org\",\"@graph\":[{\"@type\":\"WebPage\",\"@id\":\"https:\\\/\\\/yog-in.net\\\/fr\\\/produit\\\/tapis-padma\\\/\",\"url\":\"https:\\\/\\\/yog-in.net\\\/fr\\\/produit\\\/tapis-padma\\\/\",\"name\":\"PADMA - YOG-IN France\",\"isPartOf\":{\"@id\":\"https:\\\/\\\/yog-in.net\\\/fr\\\/#website\"},\"primaryImageOfPage\":{\"@id\":\"https:\\\/\\\/yog-in.net\\\/fr\\\/produit\\\/tapis-padma\\\/#primaryimage\"},\"image\":{\"@id\":\"https:\\\/\\\/yog-in.net\\\/fr\\\/produit\\\/tapis-padma\\\/#primaryimage\"},\"thumbnailUrl\":\"https:\\\/\\\/yog-in.net\\\/fr\\\/wp-content\\\/uploads\\\/sites\\\/4\\\/2023\\\/04\\\/Yogin-mat-lotus-01S2.webp\",\"datePublished\":\"2023-04-28T07:30:24+00:00\",\"dateModified\":\"2024-09-02T11:09:51+00:00\",\"breadcrumb\":{\"@id\":\"https:\\\/\\\/yog-in.net\\\/fr\\\/produit\\\/tapis-padma\\\/#breadcrumb\"},\"inLanguage\":\"fr-FR\",\"potentialAction\":[{\"@type\":\"ReadAction\",\"target\":[\"https:\\\/\\\/yog-in.net\\\/fr\\\/produit\\\/tapis-padma\\\/\"]}]},{\"@type\":\"ImageObject\",\"inLanguage\":\"fr-FR\",\"@id\":\"https:\\\/\\\/yog-in.net\\\/fr\\\/produit\\\/tapis-padma\\\/#primaryimage\",\"url\":\"https:\\\/\\\/yog-in.net\\\/fr\\\/wp-content\\\/uploads\\\/sites\\\/4\\\/2023\\\/04\\\/Yogin-mat-lotus-01S2.webp\",\"contentUrl\":\"https:\\\/\\\/yog-in.net\\\/fr\\\/wp-content\\\/uploads\\\/sites\\\/4\\\/2023\\\/04\\\/Yogin-mat-lotus-01S2.webp\",\"width\":512,\"height\":341},{\"@type\":\"BreadcrumbList\",\"@id\":\"https:\\\/\\\/yog-in.net\\\/fr\\\/produit\\\/tapis-padma\\\/#breadcrumb\",\"itemListElement\":[{\"@type\":\"ListItem\",\"position\":1,\"name\":\"Home\",\"item\":\"https:\\\/\\\/yog-in.net\\\/fr\\\/\"},{\"@type\":\"ListItem\",\"position\":2,\"name\":\"Products\",\"item\":\"https:\\\/\\\/yog-in.net\\\/fr\\\/boutique-2\\\/\"},{\"@type\":\"ListItem\",\"position\":3,\"name\":\"PADMA\"}]},{\"@type\":\"WebSite\",\"@id\":\"https:\\\/\\\/yog-in.net\\\/fr\\\/#website\",\"url\":\"https:\\\/\\\/yog-in.net\\\/fr\\\/\",\"name\":\"YOG-IN France\",\"description\":\"Produits et accessoires de yoga\",\"publisher\":{\"@id\":\"https:\\\/\\\/yog-in.net\\\/fr\\\/#organization\"},\"potentialAction\":[{\"@type\":\"SearchAction\",\"target\":{\"@type\":\"EntryPoint\",\"urlTemplate\":\"https:\\\/\\\/yog-in.net\\\/fr\\\/?s={search_term_string}\"},\"query-input\":{\"@type\":\"PropertyValueSpecification\",\"valueRequired\":true,\"valueName\":\"search_term_string\"}}],\"inLanguage\":\"fr-FR\"},{\"@type\":\"Organization\",\"@id\":\"https:\\\/\\\/yog-in.net\\\/fr\\\/#organization\",\"name\":\"YOG-IN France\",\"url\":\"https:\\\/\\\/yog-in.net\\\/fr\\\/\",\"logo\":{\"@type\":\"ImageObject\",\"inLanguage\":\"fr-FR\",\"@id\":\"https:\\\/\\\/yog-in.net\\\/fr\\\/#\\\/schema\\\/logo\\\/image\\\/\",\"url\":\"https:\\\/\\\/yog-in.net\\\/fr\\\/wp-content\\\/uploads\\\/sites\\\/4\\\/2023\\\/04\\\/yogin_logo_black_on_white_72dpi.png\",\"contentUrl\":\"https:\\\/\\\/yog-in.net\\\/fr\\\/wp-content\\\/uploads\\\/sites\\\/4\\\/2023\\\/04\\\/yogin_logo_black_on_white_72dpi.png\",\"width\":231,\"height\":171,\"caption\":\"YOG-IN France\"},\"image\":{\"@id\":\"https:\\\/\\\/yog-in.net\\\/fr\\\/#\\\/schema\\\/logo\\\/image\\\/\"}}]}<\/script>\n<!-- \/ Yoast SEO plugin. -->","yoast_head_json":{"title":"PADMA - YOG-IN France","robots":{"index":"index","follow":"follow","max-snippet":"max-snippet:-1","max-image-preview":"max-image-preview:large","max-video-preview":"max-video-preview:-1"},"canonical":"https:\/\/yog-in.net\/fr\/produit\/tapis-padma\/","og_locale":"fr_FR","og_type":"article","og_title":"PADMA - YOG-IN France","og_description":"PADMA, avec ligne d'alignement centrale, pour les pratiquants rigoureux\u00a0","og_url":"https:\/\/yog-in.net\/fr\/produit\/tapis-padma\/","og_site_name":"YOG-IN France","article_modified_time":"2024-09-02T11:09:51+00:00","og_image":[{"width":512,"height":341,"url":"https:\/\/yog-in.net\/fr\/wp-content\/uploads\/sites\/4\/2023\/04\/Yogin-mat-lotus-01S2.webp","type":"image\/webp"}],"twitter_card":"summary_large_image","twitter_misc":{"Dur\u00e9e de lecture estim\u00e9e":"1 minute"},"schema":{"@context":"https:\/\/schema.org","@graph":[{"@type":"WebPage","@id":"https:\/\/yog-in.net\/fr\/produit\/tapis-padma\/","url":"https:\/\/yog-in.net\/fr\/produit\/tapis-padma\/","name":"PADMA - YOG-IN France","isPartOf":{"@id":"https:\/\/yog-in.net\/fr\/#website"},"primaryImageOfPage":{"@id":"https:\/\/yog-in.net\/fr\/produit\/tapis-padma\/#primaryimage"},"image":{"@id":"https:\/\/yog-in.net\/fr\/produit\/tapis-padma\/#primaryimage"},"thumbnailUrl":"https:\/\/yog-in.net\/fr\/wp-content\/uploads\/sites\/4\/2023\/04\/Yogin-mat-lotus-01S2.webp","datePublished":"2023-04-28T07:30:24+00:00","dateModified":"2024-09-02T11:09:51+00:00","breadcrumb":{"@id":"https:\/\/yog-in.net\/fr\/produit\/tapis-padma\/#breadcrumb"},"inLanguage":"fr-FR","potentialAction":[{"@type":"ReadAction","target":["https:\/\/yog-in.net\/fr\/produit\/tapis-padma\/"]}]},{"@type":"ImageObject","inLanguage":"fr-FR","@id":"https:\/\/yog-in.net\/fr\/produit\/tapis-padma\/#primaryimage","url":"https:\/\/yog-in.net\/fr\/wp-content\/uploads\/sites\/4\/2023\/04\/Yogin-mat-lotus-01S2.webp","contentUrl":"https:\/\/yog-in.net\/fr\/wp-content\/uploads\/sites\/4\/2023\/04\/Yogin-mat-lotus-01S2.webp","width":512,"height":341},{"@type":"BreadcrumbList","@id":"https:\/\/yog-in.net\/fr\/produit\/tapis-padma\/#breadcrumb","itemListElement":[{"@type":"ListItem","position":1,"name":"Home","item":"https:\/\/yog-in.net\/fr\/"},{"@type":"ListItem","position":2,"name":"Products","item":"https:\/\/yog-in.net\/fr\/boutique-2\/"},{"@type":"ListItem","position":3,"name":"PADMA"}]},{"@type":"WebSite","@id":"https:\/\/yog-in.net\/fr\/#website","url":"https:\/\/yog-in.net\/fr\/","name":"YOG-IN France","description":"Produits et accessoires de yoga","publisher":{"@id":"https:\/\/yog-in.net\/fr\/#organization"},"potentialAction":[{"@type":"SearchAction","target":{"@type":"EntryPoint","urlTemplate":"https:\/\/yog-in.net\/fr\/?s={search_term_string}"},"query-input":{"@type":"PropertyValueSpecification","valueRequired":true,"valueName":"search_term_string"}}],"inLanguage":"fr-FR"},{"@type":"Organization","@id":"https:\/\/yog-in.net\/fr\/#organization","name":"YOG-IN France","url":"https:\/\/yog-in.net\/fr\/","logo":{"@type":"ImageObject","inLanguage":"fr-FR","@id":"https:\/\/yog-in.net\/fr\/#\/schema\/logo\/image\/","url":"https:\/\/yog-in.net\/fr\/wp-content\/uploads\/sites\/4\/2023\/04\/yogin_logo_black_on_white_72dpi.png","contentUrl":"https:\/\/yog-in.net\/fr\/wp-content\/uploads\/sites\/4\/2023\/04\/yogin_logo_black_on_white_72dpi.png","width":231,"height":171,"caption":"YOG-IN France"},"image":{"@id":"https:\/\/yog-in.net\/fr\/#\/schema\/logo\/image\/"}}]}},"_links":{"self":[{"href":"https:\/\/yog-in.net\/fr\/wp-json\/wp\/v2\/product\/183","targetHints":{"allow":["GET"]}}],"collection":[{"href":"https:\/\/yog-in.net\/fr\/wp-json\/wp\/v2\/product"}],"about":[{"href":"https:\/\/yog-in.net\/fr\/wp-json\/wp\/v2\/types\/product"}],"wp:featuredmedia":[{"embeddable":true,"href":"https:\/\/yog-in.net\/fr\/wp-json\/wp\/v2\/media\/149"}],"wp:attachment":[{"href":"https:\/\/yog-in.net\/fr\/wp-json\/wp\/v2\/media?parent=183"}],"wp:term":[{"taxonomy":"product_brand","embeddable":true,"href":"https:\/\/yog-in.net\/fr\/wp-json\/wp\/v2\/product_brand?post=183"},{"taxonomy":"product_cat","embeddable":true,"href":"https:\/\/yog-in.net\/fr\/wp-json\/wp\/v2\/product_cat?post=183"},{"taxonomy":"product_tag","embeddable":true,"href":"https:\/\/yog-in.net\/fr\/wp-json\/wp\/v2\/product_tag?post=183"}],"curies":[{"name":"wp","href":"https:\/\/api.w.org\/{rel}","templated":true}]}}