{"id":204,"date":"2023-04-28T12:10:51","date_gmt":"2023-04-28T10:10:51","guid":{"rendered":"https:\/\/yog-in.net\/fr\/?post_type=product&#038;p=204"},"modified":"2023-10-24T12:45:12","modified_gmt":"2023-10-24T10:45:12","slug":"sangles-porte-tapis","status":"publish","type":"product","link":"https:\/\/yog-in.net\/fr\/produit\/sangles-porte-tapis\/","title":{"rendered":"SANGLES PORTE TAPIS"},"content":{"rendered":"<p><span data-contrast=\"auto\">Les sangles YOG-IN porte tapis en coton biologique sont fabriqu\u00e9es \u00e0 Paris, par des centres d&#8217;insertion professionnelle des personnes d\u00e9favoris\u00e9es.<\/span><span data-ccp-props=\"{&quot;134233117&quot;:true,&quot;134233118&quot;:true,&quot;201341983&quot;:0,&quot;335551550&quot;:6,&quot;335551620&quot;:6,&quot;335559740&quot;:240}\">\u00a0<\/span><\/p>\n<p><span data-contrast=\"auto\">Tr\u00e8s pratiques pour emporter son tapis partout, elles s\u2019adaptent \u00e0 toute taille de yoga mat. \u202f<\/span><span data-ccp-props=\"{&quot;134233117&quot;:true,&quot;134233118&quot;:true,&quot;201341983&quot;:0,&quot;335551550&quot;:6,&quot;335551620&quot;:6,&quot;335559740&quot;:240}\">\u00a0<\/span><\/p>\n<p>&nbsp;<\/p>\n","protected":false},"excerpt":{"rendered":"<p>Les sangles YOG-IN porte tapis en coton biologique sont fabriqu\u00e9es \u00e0 Paris, par des centres d&#8217;insertion professionnelle des personnes d\u00e9favoris\u00e9es.\u00a0 Tr\u00e8s pratiques pour emporter son tapis partout, elles s\u2019adaptent \u00e0 toute taille de yoga mat. \u202f\u00a0 &nbsp;<\/p>\n","protected":false},"featured_media":627,"template":"","meta":[],"product_brand":[],"product_cat":[45],"product_tag":[],"class_list":{"0":"post-204","1":"product","2":"type-product","3":"status-publish","4":"has-post-thumbnail","6":"product_cat-sangles-porte-tapis","7":"product_shipping_class-sangle","9":"first","10":"outofstock","11":"shipping-taxable","12":"product-type-variable"},"yoast_head":"<!-- This site is optimized with the Yoast SEO plugin v27.4 - https:\/\/yoast.com\/product\/yoast-seo-wordpress\/ -->\n<title>SANGLES PORTE TAPIS - YOG-IN France<\/title>\n<meta name=\"robots\" content=\"index, follow, max-snippet:-1, max-image-preview:large, max-video-preview:-1\" \/>\n<link rel=\"canonical\" href=\"https:\/\/yog-in.net\/fr\/produit\/sangles-porte-tapis\/\" \/>\n<meta property=\"og:locale\" content=\"fr_FR\" \/>\n<meta property=\"og:type\" content=\"article\" \/>\n<meta property=\"og:title\" content=\"SANGLES PORTE TAPIS - YOG-IN France\" \/>\n<meta property=\"og:description\" content=\"Les sangles YOG-IN porte tapis en coton biologique sont fabriqu\u00e9es \u00e0 Paris, par des centres d&#8217;insertion professionnelle des personnes d\u00e9favoris\u00e9es.\u00a0 Tr\u00e8s pratiques pour emporter son tapis partout, elles s\u2019adaptent \u00e0 toute taille de yoga mat. \u202f\u00a0 &nbsp;\" \/>\n<meta property=\"og:url\" content=\"https:\/\/yog-in.net\/fr\/produit\/sangles-porte-tapis\/\" \/>\n<meta property=\"og:site_name\" content=\"YOG-IN France\" \/>\n<meta property=\"article:modified_time\" content=\"2023-10-24T10:45:12+00:00\" \/>\n<meta property=\"og:image\" content=\"https:\/\/yog-in.net\/fr\/wp-content\/uploads\/sites\/4\/2023\/05\/sangle-02-SANGLES-PORTE-TAPIS.webp\" \/>\n\t<meta property=\"og:image:width\" content=\"454\" \/>\n\t<meta property=\"og:image:height\" content=\"284\" \/>\n\t<meta property=\"og:image:type\" content=\"image\/webp\" \/>\n<meta name=\"twitter:card\" content=\"summary_large_image\" \/>\n<meta name=\"twitter:label1\" content=\"Dur\u00e9e de lecture estim\u00e9e\" \/>\n\t<meta name=\"twitter:data1\" content=\"1 minute\" \/>\n<script type=\"application\/ld+json\" class=\"yoast-schema-graph\">{\"@context\":\"https:\\\/\\\/schema.org\",\"@graph\":[{\"@type\":\"WebPage\",\"@id\":\"https:\\\/\\\/yog-in.net\\\/fr\\\/produit\\\/sangles-porte-tapis\\\/\",\"url\":\"https:\\\/\\\/yog-in.net\\\/fr\\\/produit\\\/sangles-porte-tapis\\\/\",\"name\":\"SANGLES PORTE TAPIS - YOG-IN France\",\"isPartOf\":{\"@id\":\"https:\\\/\\\/yog-in.net\\\/fr\\\/#website\"},\"primaryImageOfPage\":{\"@id\":\"https:\\\/\\\/yog-in.net\\\/fr\\\/produit\\\/sangles-porte-tapis\\\/#primaryimage\"},\"image\":{\"@id\":\"https:\\\/\\\/yog-in.net\\\/fr\\\/produit\\\/sangles-porte-tapis\\\/#primaryimage\"},\"thumbnailUrl\":\"https:\\\/\\\/yog-in.net\\\/fr\\\/wp-content\\\/uploads\\\/sites\\\/4\\\/2023\\\/05\\\/sangle-02-SANGLES-PORTE-TAPIS.webp\",\"datePublished\":\"2023-04-28T10:10:51+00:00\",\"dateModified\":\"2023-10-24T10:45:12+00:00\",\"breadcrumb\":{\"@id\":\"https:\\\/\\\/yog-in.net\\\/fr\\\/produit\\\/sangles-porte-tapis\\\/#breadcrumb\"},\"inLanguage\":\"fr-FR\",\"potentialAction\":[{\"@type\":\"ReadAction\",\"target\":[\"https:\\\/\\\/yog-in.net\\\/fr\\\/produit\\\/sangles-porte-tapis\\\/\"]}]},{\"@type\":\"ImageObject\",\"inLanguage\":\"fr-FR\",\"@id\":\"https:\\\/\\\/yog-in.net\\\/fr\\\/produit\\\/sangles-porte-tapis\\\/#primaryimage\",\"url\":\"https:\\\/\\\/yog-in.net\\\/fr\\\/wp-content\\\/uploads\\\/sites\\\/4\\\/2023\\\/05\\\/sangle-02-SANGLES-PORTE-TAPIS.webp\",\"contentUrl\":\"https:\\\/\\\/yog-in.net\\\/fr\\\/wp-content\\\/uploads\\\/sites\\\/4\\\/2023\\\/05\\\/sangle-02-SANGLES-PORTE-TAPIS.webp\",\"width\":454,\"height\":284},{\"@type\":\"BreadcrumbList\",\"@id\":\"https:\\\/\\\/yog-in.net\\\/fr\\\/produit\\\/sangles-porte-tapis\\\/#breadcrumb\",\"itemListElement\":[{\"@type\":\"ListItem\",\"position\":1,\"name\":\"Home\",\"item\":\"https:\\\/\\\/yog-in.net\\\/fr\\\/\"},{\"@type\":\"ListItem\",\"position\":2,\"name\":\"Products\",\"item\":\"https:\\\/\\\/yog-in.net\\\/fr\\\/boutique-2\\\/\"},{\"@type\":\"ListItem\",\"position\":3,\"name\":\"SANGLES PORTE TAPIS\"}]},{\"@type\":\"WebSite\",\"@id\":\"https:\\\/\\\/yog-in.net\\\/fr\\\/#website\",\"url\":\"https:\\\/\\\/yog-in.net\\\/fr\\\/\",\"name\":\"YOG-IN France\",\"description\":\"Produits et accessoires de yoga\",\"publisher\":{\"@id\":\"https:\\\/\\\/yog-in.net\\\/fr\\\/#organization\"},\"potentialAction\":[{\"@type\":\"SearchAction\",\"target\":{\"@type\":\"EntryPoint\",\"urlTemplate\":\"https:\\\/\\\/yog-in.net\\\/fr\\\/?s={search_term_string}\"},\"query-input\":{\"@type\":\"PropertyValueSpecification\",\"valueRequired\":true,\"valueName\":\"search_term_string\"}}],\"inLanguage\":\"fr-FR\"},{\"@type\":\"Organization\",\"@id\":\"https:\\\/\\\/yog-in.net\\\/fr\\\/#organization\",\"name\":\"YOG-IN France\",\"url\":\"https:\\\/\\\/yog-in.net\\\/fr\\\/\",\"logo\":{\"@type\":\"ImageObject\",\"inLanguage\":\"fr-FR\",\"@id\":\"https:\\\/\\\/yog-in.net\\\/fr\\\/#\\\/schema\\\/logo\\\/image\\\/\",\"url\":\"https:\\\/\\\/yog-in.net\\\/fr\\\/wp-content\\\/uploads\\\/sites\\\/4\\\/2023\\\/04\\\/yogin_logo_black_on_white_72dpi.png\",\"contentUrl\":\"https:\\\/\\\/yog-in.net\\\/fr\\\/wp-content\\\/uploads\\\/sites\\\/4\\\/2023\\\/04\\\/yogin_logo_black_on_white_72dpi.png\",\"width\":231,\"height\":171,\"caption\":\"YOG-IN France\"},\"image\":{\"@id\":\"https:\\\/\\\/yog-in.net\\\/fr\\\/#\\\/schema\\\/logo\\\/image\\\/\"}}]}<\/script>\n<!-- \/ Yoast SEO plugin. -->","yoast_head_json":{"title":"SANGLES PORTE TAPIS - YOG-IN France","robots":{"index":"index","follow":"follow","max-snippet":"max-snippet:-1","max-image-preview":"max-image-preview:large","max-video-preview":"max-video-preview:-1"},"canonical":"https:\/\/yog-in.net\/fr\/produit\/sangles-porte-tapis\/","og_locale":"fr_FR","og_type":"article","og_title":"SANGLES PORTE TAPIS - YOG-IN France","og_description":"Les sangles YOG-IN porte tapis en coton biologique sont fabriqu\u00e9es \u00e0 Paris, par des centres d&#8217;insertion professionnelle des personnes d\u00e9favoris\u00e9es.\u00a0 Tr\u00e8s pratiques pour emporter son tapis partout, elles s\u2019adaptent \u00e0 toute taille de yoga mat. \u202f\u00a0 &nbsp;","og_url":"https:\/\/yog-in.net\/fr\/produit\/sangles-porte-tapis\/","og_site_name":"YOG-IN France","article_modified_time":"2023-10-24T10:45:12+00:00","og_image":[{"width":454,"height":284,"url":"https:\/\/yog-in.net\/fr\/wp-content\/uploads\/sites\/4\/2023\/05\/sangle-02-SANGLES-PORTE-TAPIS.webp","type":"image\/webp"}],"twitter_card":"summary_large_image","twitter_misc":{"Dur\u00e9e de lecture estim\u00e9e":"1 minute"},"schema":{"@context":"https:\/\/schema.org","@graph":[{"@type":"WebPage","@id":"https:\/\/yog-in.net\/fr\/produit\/sangles-porte-tapis\/","url":"https:\/\/yog-in.net\/fr\/produit\/sangles-porte-tapis\/","name":"SANGLES PORTE TAPIS - YOG-IN France","isPartOf":{"@id":"https:\/\/yog-in.net\/fr\/#website"},"primaryImageOfPage":{"@id":"https:\/\/yog-in.net\/fr\/produit\/sangles-porte-tapis\/#primaryimage"},"image":{"@id":"https:\/\/yog-in.net\/fr\/produit\/sangles-porte-tapis\/#primaryimage"},"thumbnailUrl":"https:\/\/yog-in.net\/fr\/wp-content\/uploads\/sites\/4\/2023\/05\/sangle-02-SANGLES-PORTE-TAPIS.webp","datePublished":"2023-04-28T10:10:51+00:00","dateModified":"2023-10-24T10:45:12+00:00","breadcrumb":{"@id":"https:\/\/yog-in.net\/fr\/produit\/sangles-porte-tapis\/#breadcrumb"},"inLanguage":"fr-FR","potentialAction":[{"@type":"ReadAction","target":["https:\/\/yog-in.net\/fr\/produit\/sangles-porte-tapis\/"]}]},{"@type":"ImageObject","inLanguage":"fr-FR","@id":"https:\/\/yog-in.net\/fr\/produit\/sangles-porte-tapis\/#primaryimage","url":"https:\/\/yog-in.net\/fr\/wp-content\/uploads\/sites\/4\/2023\/05\/sangle-02-SANGLES-PORTE-TAPIS.webp","contentUrl":"https:\/\/yog-in.net\/fr\/wp-content\/uploads\/sites\/4\/2023\/05\/sangle-02-SANGLES-PORTE-TAPIS.webp","width":454,"height":284},{"@type":"BreadcrumbList","@id":"https:\/\/yog-in.net\/fr\/produit\/sangles-porte-tapis\/#breadcrumb","itemListElement":[{"@type":"ListItem","position":1,"name":"Home","item":"https:\/\/yog-in.net\/fr\/"},{"@type":"ListItem","position":2,"name":"Products","item":"https:\/\/yog-in.net\/fr\/boutique-2\/"},{"@type":"ListItem","position":3,"name":"SANGLES PORTE TAPIS"}]},{"@type":"WebSite","@id":"https:\/\/yog-in.net\/fr\/#website","url":"https:\/\/yog-in.net\/fr\/","name":"YOG-IN France","description":"Produits et accessoires de yoga","publisher":{"@id":"https:\/\/yog-in.net\/fr\/#organization"},"potentialAction":[{"@type":"SearchAction","target":{"@type":"EntryPoint","urlTemplate":"https:\/\/yog-in.net\/fr\/?s={search_term_string}"},"query-input":{"@type":"PropertyValueSpecification","valueRequired":true,"valueName":"search_term_string"}}],"inLanguage":"fr-FR"},{"@type":"Organization","@id":"https:\/\/yog-in.net\/fr\/#organization","name":"YOG-IN France","url":"https:\/\/yog-in.net\/fr\/","logo":{"@type":"ImageObject","inLanguage":"fr-FR","@id":"https:\/\/yog-in.net\/fr\/#\/schema\/logo\/image\/","url":"https:\/\/yog-in.net\/fr\/wp-content\/uploads\/sites\/4\/2023\/04\/yogin_logo_black_on_white_72dpi.png","contentUrl":"https:\/\/yog-in.net\/fr\/wp-content\/uploads\/sites\/4\/2023\/04\/yogin_logo_black_on_white_72dpi.png","width":231,"height":171,"caption":"YOG-IN France"},"image":{"@id":"https:\/\/yog-in.net\/fr\/#\/schema\/logo\/image\/"}}]}},"_links":{"self":[{"href":"https:\/\/yog-in.net\/fr\/wp-json\/wp\/v2\/product\/204","targetHints":{"allow":["GET"]}}],"collection":[{"href":"https:\/\/yog-in.net\/fr\/wp-json\/wp\/v2\/product"}],"about":[{"href":"https:\/\/yog-in.net\/fr\/wp-json\/wp\/v2\/types\/product"}],"wp:featuredmedia":[{"embeddable":true,"href":"https:\/\/yog-in.net\/fr\/wp-json\/wp\/v2\/media\/627"}],"wp:attachment":[{"href":"https:\/\/yog-in.net\/fr\/wp-json\/wp\/v2\/media?parent=204"}],"wp:term":[{"taxonomy":"product_brand","embeddable":true,"href":"https:\/\/yog-in.net\/fr\/wp-json\/wp\/v2\/product_brand?post=204"},{"taxonomy":"product_cat","embeddable":true,"href":"https:\/\/yog-in.net\/fr\/wp-json\/wp\/v2\/product_cat?post=204"},{"taxonomy":"product_tag","embeddable":true,"href":"https:\/\/yog-in.net\/fr\/wp-json\/wp\/v2\/product_tag?post=204"}],"curies":[{"name":"wp","href":"https:\/\/api.w.org\/{rel}","templated":true}]}}