{"id":755,"date":"2023-10-18T06:56:05","date_gmt":"2023-10-18T04:56:05","guid":{"rendered":"https:\/\/yog-in.net\/fr\/?post_type=product&#038;p=755"},"modified":"2023-11-07T08:56:17","modified_gmt":"2023-11-07T07:56:17","slug":"coussin","status":"publish","type":"product","link":"https:\/\/yog-in.net\/fr\/produit\/coussin\/","title":{"rendered":"COUSSIN"},"content":{"rendered":"<p><strong>COUSSINS POUR LES YEUX<\/strong><\/p>\n<p>En exer\u00e7ant une l\u00e9g\u00e8re pression sur les bulbes oculaires, le coussin pour les yeux facilite Savasana, permet d\u2019atteindre un \u00e9tat profond de relaxation, de faire disparaitre la sensation de fatigue, voire d\u2019apaiser les maux de t\u00eate.<\/p>\n<p>Fabuleux pour d\u00e9congestionner les yeux gonfl\u00e9s et faire disparaitre les effets du <em>Jet Lag<\/em>, il convient parfaitement aux Yogis voyageurs et mondains.<\/p>\n<p>Les coussins YOG-IN sont garnis d\u2019herbes aromatiques (lavande bio) et de graines de lin biologiques.<\/p>\n<p>Ils sont fabriqu\u00e9s \u00e0 la main \u00e0 Paris, par un centre d\u2019aide par le travail.<\/p>\n<p>Housse lavable amovible<\/p>\n<p>Dimensions : 22cm x 9cm<\/p>\n","protected":false},"excerpt":{"rendered":"<p>Fabuleux pour d\u00e9congestionner les yeux gonfl\u00e9s et faire disparaitre les effets du\u00a0<em>Jet Lag<\/em>, il convient parfaitement aux Yogis voyageurs et mondains.<\/p>\n<p>Les coussins YOG-IN sont garnis d\u2019herbes aromatiques (lavande bio) et de graines de lin biologiques.<\/p>\n","protected":false},"featured_media":757,"template":"","meta":[],"product_brand":[],"product_cat":[59],"product_tag":[],"class_list":{"0":"post-755","1":"product","2":"type-product","3":"status-publish","4":"has-post-thumbnail","6":"product_cat-coussins","7":"product_shipping_class-coussin","9":"first","10":"instock","11":"shipping-taxable","12":"purchasable","13":"product-type-simple"},"yoast_head":"<!-- This site is optimized with the Yoast SEO plugin v27.4 - https:\/\/yoast.com\/product\/yoast-seo-wordpress\/ -->\n<title>COUSSIN - YOG-IN France<\/title>\n<meta name=\"description\" content=\"En exer\u00e7ant une l\u00e9g\u00e8re pression sur les bulbes oculaires, le coussin pour les yeux facilite Savasana, permet d\u2019atteindre un \u00e9tat profond de relaxation, de faire disparaitre la sensation de fatigue, voire d\u2019apaiser les maux de t\u00eate.\" \/>\n<meta name=\"robots\" content=\"index, follow, max-snippet:-1, max-image-preview:large, max-video-preview:-1\" \/>\n<link rel=\"canonical\" href=\"https:\/\/yog-in.net\/fr\/produit\/coussin\/\" \/>\n<meta property=\"og:locale\" content=\"fr_FR\" \/>\n<meta property=\"og:type\" content=\"article\" \/>\n<meta property=\"og:title\" content=\"COUSSIN - YOG-IN France\" \/>\n<meta property=\"og:description\" content=\"En exer\u00e7ant une l\u00e9g\u00e8re pression sur les bulbes oculaires, le coussin pour les yeux facilite Savasana, permet d\u2019atteindre un \u00e9tat profond de relaxation, de faire disparaitre la sensation de fatigue, voire d\u2019apaiser les maux de t\u00eate.\" \/>\n<meta property=\"og:url\" content=\"https:\/\/yog-in.net\/fr\/produit\/coussin\/\" \/>\n<meta property=\"og:site_name\" content=\"YOG-IN France\" \/>\n<meta property=\"article:modified_time\" content=\"2023-11-07T07:56:17+00:00\" \/>\n<meta property=\"og:image\" content=\"https:\/\/yog-in.net\/fr\/wp-content\/uploads\/sites\/4\/2023\/10\/YOG-IN-Cuscinetti-01.webp\" \/>\n\t<meta property=\"og:image:width\" content=\"512\" \/>\n\t<meta property=\"og:image:height\" content=\"341\" \/>\n\t<meta property=\"og:image:type\" content=\"image\/webp\" \/>\n<meta name=\"twitter:card\" content=\"summary_large_image\" \/>\n<meta name=\"twitter:label1\" content=\"Dur\u00e9e de lecture estim\u00e9e\" \/>\n\t<meta name=\"twitter:data1\" content=\"1 minute\" \/>\n<script type=\"application\/ld+json\" class=\"yoast-schema-graph\">{\"@context\":\"https:\\\/\\\/schema.org\",\"@graph\":[{\"@type\":\"WebPage\",\"@id\":\"https:\\\/\\\/yog-in.net\\\/fr\\\/produit\\\/coussin\\\/\",\"url\":\"https:\\\/\\\/yog-in.net\\\/fr\\\/produit\\\/coussin\\\/\",\"name\":\"COUSSIN - YOG-IN France\",\"isPartOf\":{\"@id\":\"https:\\\/\\\/yog-in.net\\\/fr\\\/#website\"},\"primaryImageOfPage\":{\"@id\":\"https:\\\/\\\/yog-in.net\\\/fr\\\/produit\\\/coussin\\\/#primaryimage\"},\"image\":{\"@id\":\"https:\\\/\\\/yog-in.net\\\/fr\\\/produit\\\/coussin\\\/#primaryimage\"},\"thumbnailUrl\":\"https:\\\/\\\/yog-in.net\\\/fr\\\/wp-content\\\/uploads\\\/sites\\\/4\\\/2023\\\/10\\\/YOG-IN-Cuscinetti-01.webp\",\"datePublished\":\"2023-10-18T04:56:05+00:00\",\"dateModified\":\"2023-11-07T07:56:17+00:00\",\"description\":\"En exer\u00e7ant une l\u00e9g\u00e8re pression sur les bulbes oculaires, le coussin pour les yeux facilite Savasana, permet d\u2019atteindre un \u00e9tat profond de relaxation, de faire disparaitre la sensation de fatigue, voire d\u2019apaiser les maux de t\u00eate.\",\"breadcrumb\":{\"@id\":\"https:\\\/\\\/yog-in.net\\\/fr\\\/produit\\\/coussin\\\/#breadcrumb\"},\"inLanguage\":\"fr-FR\",\"potentialAction\":[{\"@type\":\"ReadAction\",\"target\":[\"https:\\\/\\\/yog-in.net\\\/fr\\\/produit\\\/coussin\\\/\"]}]},{\"@type\":\"ImageObject\",\"inLanguage\":\"fr-FR\",\"@id\":\"https:\\\/\\\/yog-in.net\\\/fr\\\/produit\\\/coussin\\\/#primaryimage\",\"url\":\"https:\\\/\\\/yog-in.net\\\/fr\\\/wp-content\\\/uploads\\\/sites\\\/4\\\/2023\\\/10\\\/YOG-IN-Cuscinetti-01.webp\",\"contentUrl\":\"https:\\\/\\\/yog-in.net\\\/fr\\\/wp-content\\\/uploads\\\/sites\\\/4\\\/2023\\\/10\\\/YOG-IN-Cuscinetti-01.webp\",\"width\":512,\"height\":341},{\"@type\":\"BreadcrumbList\",\"@id\":\"https:\\\/\\\/yog-in.net\\\/fr\\\/produit\\\/coussin\\\/#breadcrumb\",\"itemListElement\":[{\"@type\":\"ListItem\",\"position\":1,\"name\":\"Home\",\"item\":\"https:\\\/\\\/yog-in.net\\\/fr\\\/\"},{\"@type\":\"ListItem\",\"position\":2,\"name\":\"Products\",\"item\":\"https:\\\/\\\/yog-in.net\\\/fr\\\/boutique-2\\\/\"},{\"@type\":\"ListItem\",\"position\":3,\"name\":\"COUSSIN\"}]},{\"@type\":\"WebSite\",\"@id\":\"https:\\\/\\\/yog-in.net\\\/fr\\\/#website\",\"url\":\"https:\\\/\\\/yog-in.net\\\/fr\\\/\",\"name\":\"YOG-IN France\",\"description\":\"Produits et accessoires de yoga\",\"publisher\":{\"@id\":\"https:\\\/\\\/yog-in.net\\\/fr\\\/#organization\"},\"potentialAction\":[{\"@type\":\"SearchAction\",\"target\":{\"@type\":\"EntryPoint\",\"urlTemplate\":\"https:\\\/\\\/yog-in.net\\\/fr\\\/?s={search_term_string}\"},\"query-input\":{\"@type\":\"PropertyValueSpecification\",\"valueRequired\":true,\"valueName\":\"search_term_string\"}}],\"inLanguage\":\"fr-FR\"},{\"@type\":\"Organization\",\"@id\":\"https:\\\/\\\/yog-in.net\\\/fr\\\/#organization\",\"name\":\"YOG-IN France\",\"url\":\"https:\\\/\\\/yog-in.net\\\/fr\\\/\",\"logo\":{\"@type\":\"ImageObject\",\"inLanguage\":\"fr-FR\",\"@id\":\"https:\\\/\\\/yog-in.net\\\/fr\\\/#\\\/schema\\\/logo\\\/image\\\/\",\"url\":\"https:\\\/\\\/yog-in.net\\\/fr\\\/wp-content\\\/uploads\\\/sites\\\/4\\\/2023\\\/04\\\/yogin_logo_black_on_white_72dpi.png\",\"contentUrl\":\"https:\\\/\\\/yog-in.net\\\/fr\\\/wp-content\\\/uploads\\\/sites\\\/4\\\/2023\\\/04\\\/yogin_logo_black_on_white_72dpi.png\",\"width\":231,\"height\":171,\"caption\":\"YOG-IN France\"},\"image\":{\"@id\":\"https:\\\/\\\/yog-in.net\\\/fr\\\/#\\\/schema\\\/logo\\\/image\\\/\"}}]}<\/script>\n<!-- \/ Yoast SEO plugin. -->","yoast_head_json":{"title":"COUSSIN - YOG-IN France","description":"En exer\u00e7ant une l\u00e9g\u00e8re pression sur les bulbes oculaires, le coussin pour les yeux facilite Savasana, permet d\u2019atteindre un \u00e9tat profond de relaxation, de faire disparaitre la sensation de fatigue, voire d\u2019apaiser les maux de t\u00eate.","robots":{"index":"index","follow":"follow","max-snippet":"max-snippet:-1","max-image-preview":"max-image-preview:large","max-video-preview":"max-video-preview:-1"},"canonical":"https:\/\/yog-in.net\/fr\/produit\/coussin\/","og_locale":"fr_FR","og_type":"article","og_title":"COUSSIN - YOG-IN France","og_description":"En exer\u00e7ant une l\u00e9g\u00e8re pression sur les bulbes oculaires, le coussin pour les yeux facilite Savasana, permet d\u2019atteindre un \u00e9tat profond de relaxation, de faire disparaitre la sensation de fatigue, voire d\u2019apaiser les maux de t\u00eate.","og_url":"https:\/\/yog-in.net\/fr\/produit\/coussin\/","og_site_name":"YOG-IN France","article_modified_time":"2023-11-07T07:56:17+00:00","og_image":[{"width":512,"height":341,"url":"https:\/\/yog-in.net\/fr\/wp-content\/uploads\/sites\/4\/2023\/10\/YOG-IN-Cuscinetti-01.webp","type":"image\/webp"}],"twitter_card":"summary_large_image","twitter_misc":{"Dur\u00e9e de lecture estim\u00e9e":"1 minute"},"schema":{"@context":"https:\/\/schema.org","@graph":[{"@type":"WebPage","@id":"https:\/\/yog-in.net\/fr\/produit\/coussin\/","url":"https:\/\/yog-in.net\/fr\/produit\/coussin\/","name":"COUSSIN - YOG-IN France","isPartOf":{"@id":"https:\/\/yog-in.net\/fr\/#website"},"primaryImageOfPage":{"@id":"https:\/\/yog-in.net\/fr\/produit\/coussin\/#primaryimage"},"image":{"@id":"https:\/\/yog-in.net\/fr\/produit\/coussin\/#primaryimage"},"thumbnailUrl":"https:\/\/yog-in.net\/fr\/wp-content\/uploads\/sites\/4\/2023\/10\/YOG-IN-Cuscinetti-01.webp","datePublished":"2023-10-18T04:56:05+00:00","dateModified":"2023-11-07T07:56:17+00:00","description":"En exer\u00e7ant une l\u00e9g\u00e8re pression sur les bulbes oculaires, le coussin pour les yeux facilite Savasana, permet d\u2019atteindre un \u00e9tat profond de relaxation, de faire disparaitre la sensation de fatigue, voire d\u2019apaiser les maux de t\u00eate.","breadcrumb":{"@id":"https:\/\/yog-in.net\/fr\/produit\/coussin\/#breadcrumb"},"inLanguage":"fr-FR","potentialAction":[{"@type":"ReadAction","target":["https:\/\/yog-in.net\/fr\/produit\/coussin\/"]}]},{"@type":"ImageObject","inLanguage":"fr-FR","@id":"https:\/\/yog-in.net\/fr\/produit\/coussin\/#primaryimage","url":"https:\/\/yog-in.net\/fr\/wp-content\/uploads\/sites\/4\/2023\/10\/YOG-IN-Cuscinetti-01.webp","contentUrl":"https:\/\/yog-in.net\/fr\/wp-content\/uploads\/sites\/4\/2023\/10\/YOG-IN-Cuscinetti-01.webp","width":512,"height":341},{"@type":"BreadcrumbList","@id":"https:\/\/yog-in.net\/fr\/produit\/coussin\/#breadcrumb","itemListElement":[{"@type":"ListItem","position":1,"name":"Home","item":"https:\/\/yog-in.net\/fr\/"},{"@type":"ListItem","position":2,"name":"Products","item":"https:\/\/yog-in.net\/fr\/boutique-2\/"},{"@type":"ListItem","position":3,"name":"COUSSIN"}]},{"@type":"WebSite","@id":"https:\/\/yog-in.net\/fr\/#website","url":"https:\/\/yog-in.net\/fr\/","name":"YOG-IN France","description":"Produits et accessoires de yoga","publisher":{"@id":"https:\/\/yog-in.net\/fr\/#organization"},"potentialAction":[{"@type":"SearchAction","target":{"@type":"EntryPoint","urlTemplate":"https:\/\/yog-in.net\/fr\/?s={search_term_string}"},"query-input":{"@type":"PropertyValueSpecification","valueRequired":true,"valueName":"search_term_string"}}],"inLanguage":"fr-FR"},{"@type":"Organization","@id":"https:\/\/yog-in.net\/fr\/#organization","name":"YOG-IN France","url":"https:\/\/yog-in.net\/fr\/","logo":{"@type":"ImageObject","inLanguage":"fr-FR","@id":"https:\/\/yog-in.net\/fr\/#\/schema\/logo\/image\/","url":"https:\/\/yog-in.net\/fr\/wp-content\/uploads\/sites\/4\/2023\/04\/yogin_logo_black_on_white_72dpi.png","contentUrl":"https:\/\/yog-in.net\/fr\/wp-content\/uploads\/sites\/4\/2023\/04\/yogin_logo_black_on_white_72dpi.png","width":231,"height":171,"caption":"YOG-IN France"},"image":{"@id":"https:\/\/yog-in.net\/fr\/#\/schema\/logo\/image\/"}}]}},"_links":{"self":[{"href":"https:\/\/yog-in.net\/fr\/wp-json\/wp\/v2\/product\/755","targetHints":{"allow":["GET"]}}],"collection":[{"href":"https:\/\/yog-in.net\/fr\/wp-json\/wp\/v2\/product"}],"about":[{"href":"https:\/\/yog-in.net\/fr\/wp-json\/wp\/v2\/types\/product"}],"wp:featuredmedia":[{"embeddable":true,"href":"https:\/\/yog-in.net\/fr\/wp-json\/wp\/v2\/media\/757"}],"wp:attachment":[{"href":"https:\/\/yog-in.net\/fr\/wp-json\/wp\/v2\/media?parent=755"}],"wp:term":[{"taxonomy":"product_brand","embeddable":true,"href":"https:\/\/yog-in.net\/fr\/wp-json\/wp\/v2\/product_brand?post=755"},{"taxonomy":"product_cat","embeddable":true,"href":"https:\/\/yog-in.net\/fr\/wp-json\/wp\/v2\/product_cat?post=755"},{"taxonomy":"product_tag","embeddable":true,"href":"https:\/\/yog-in.net\/fr\/wp-json\/wp\/v2\/product_tag?post=755"}],"curies":[{"name":"wp","href":"https:\/\/api.w.org\/{rel}","templated":true}]}}