{"id":24,"date":"2023-10-04T13:03:23","date_gmt":"2023-10-04T11:03:23","guid":{"rendered":"https:\/\/yog-in.net\/it\/?page_id=24"},"modified":"2023-10-21T12:20:09","modified_gmt":"2023-10-21T10:20:09","slug":"politica-sulla-riservatezza","status":"publish","type":"page","link":"https:\/\/yog-in.net\/it\/politica-sulla-riservatezza\/","title":{"rendered":"politica sulla riservatezza"},"content":{"rendered":"\n<p>Ultimo aggiornamento dell&#8217;Informativa sulla privacy di YOG-IN: 24 marzo 2023<\/p>\n\n\n\n<p>YOG-IN presta particolare attenzione alla protezione e alla sicurezza dei vostri dati personali. YOG-IN rispetta le normative sui dati personali e sulle comunicazioni elettroniche, tra cui in particolare il Regolamento (UE) 2016\/679 (General Data Protection Regulation &#8211; GDPR), e la legge francese n. 78-17 del 6 gennaio 1978 e successive modifiche (la cosiddetta &#8220;legge sulla protezione dei dati&#8221;).<\/p>\n\n\n\n<p>Di seguito troverete informazioni relative ai dati che YOG-IN raccoglie durante la vostra visita al suo sito e all&#8217;uso che ne viene fatto.<\/p>\n\n\n\n<p>YOG-IN si riserva il diritto di modificare periodicamente la presente Informativa sulla privacy. In caso di modifiche da parte di YOG-IN, la data riportata nella parte superiore della presente Informativa sulla privacy verr\u00e0 aggiornata. Vi invitiamo a controllare regolarmente la presente Informativa sulla privacy per assicurarvi di aver compreso come funziona il trattamento dei vostri dati personali e le scelte a vostra disposizione in merito a tale trattamento.<\/p>\n\n\n\n<p><strong>1. Nome e recapiti del titolare del trattamento<\/strong><\/p>\n\n\n\n<p>YOG-IN EURL<\/p>\n\n\n\n<p>10 rue Buzelin<\/p>\n\n\n\n<p>F-75018 PARIGI<\/p>\n\n\n\n<p>Tel : +33 (0) 659778150<\/p>\n\n\n\n<p><strong>2. Informazioni relativa alla raccolta ed allo stockaggio dei dati personali, ed all\u2019uso che ne viene fatto<\/strong><\/p>\n\n\n\n<p>In qualit\u00e0 di titolare del trattamento, YOG-IN raccoglie ed elabora i dati personali che vi riguardano. Per &#8220;dati personali&#8221; si intendono tutte le informazioni che vi riguardano, come nome, indirizzo, indirizzo e-mail, numero di telefono, indirizzo IP, comportamento&#8230;&#8230;<\/p>\n\n\n\n<p>Quando visitate semplicemente il sito web di YOG-IN e non vi registrate n\u00e9 ci fornite alcuna informazione su di voi, YOG-IN raccoglie solo i dati che vi vengono trasmessi dal vostro browser web. Durante la visita al sito, YOG-IN raccoglie i seguenti dati, necessari per un accesso sicuro e stabile al sito ai sensi dell&#8217;articolo 6, paragrafo 1, prima frase, f) del GDPR): indirizzo IP; data e ora della richiesta; nome e URL del file consultato; URL del sito di origine (Referrer-URL); browser e sistema operativo del vostro terminale, nonch\u00e9 il nome del vostro fornitore di accesso. YOG-IN non \u00e8 in grado di attribuire questi dati a una persona specifica e non incrocia queste informazioni con altre fonti di informazione.<\/p>\n\n\n\n<p>YOG-IN raccoglie dati personali anche in relazione all&#8217;acquisto dei&nbsp; prodotti o se l&#8217;utente ci fornisce dati personali attraverso altri canali o mezzi di comunicazione, come i social media. In particolare, YOG-IN raccoglie dati personali direttamente dall&#8217;utente nei seguenti casi: registrazione di un account; creazione di un profilo; interazione sui social media; acquisto di prodotti; richiesta di informazioni o assistenza da parte nostra.<\/p>\n\n\n\n<p>YOG-IN tratta i seguenti dati: nome, nome utente, indirizzo e-mail, numero di telefono, indirizzo postale, data di nascita, preferenze personali e qualsiasi altro dato personale che scegliete di inserire nel vostro profilo in altre comunicazioni con la Societ\u00e0, nonch\u00e9 i dati relativi al vostro pagamento.<\/p>\n\n\n\n<p>La raccolta e il trattamento dei dati da voi forniti in questo contesto si basano sull&#8217;articolo 6, paragrafo 1, primo comma, lettera a) del GDPR e sono giustificati dal vostro consenso.<\/p>\n\n\n\n<p>In conformit\u00e0 agli obblighi di legge, YOG-IN conserva i dati personali per il periodo necessario al raggiungimento degli scopi per cui sono stati raccolti, a meno che la legislazione vigente non richieda un periodo di conservazione diverso. Nel caso di dati comunicati per qualsiasi ordine online, non saranno conservati per pi\u00f9 di 5 anni.<\/p>\n\n\n\n<p>Il trattamento dei vostri dati personali non \u00e8 soggetto, da parte di YOG-IN, ad alcuna azione o processo decisionale completamente automatizzato.<\/p>\n\n\n\n<p><strong>3. Trasmissione dei dati personali<\/strong><\/p>\n\n\n\n<p>I dati personali raccolti sono ad uso esclusivo di YOG-IN. Tuttavia, YOG-IN pu\u00f2 comunicare i vostri dati personali ai suoi subappaltatori, fornitori di servizi, partner e consulenti professionali (legali, finanziari, assicurativi). YOG-IN condivide con queste parti terze solo i dati personali di cui hanno bisogno per svolgere i loro servizi. Queste comunicazioni vengono poi trattate in base a contratti rigorosi che impongono ai partner di YOG-IN di mantenere la riservatezza e la sicurezza dei dati personali loro trasferiti.&nbsp; YOG-IN si impegna a non comunicare, cedere o trasferire i vostri dati personali a terzi senza il vostro previo consenso scritto, a meno che tali comunicazione, cessione, trasferimento non siano previsti dalla legge o richiesti da autorit\u00e0 amministrative o giudiziarie competenti.<\/p>\n\n\n\n<p><strong>4<\/strong><strong>. Trasferimento fuiri dall\u2019UE<\/strong><\/p>\n\n\n\n<p>I vostri dati personali rimangono all&#8217;interno dell&#8217;Unione Europea, dove YOG-IN fa ogni sforzo per proteggerli in conformit\u00e0 alle normative europee.<\/p>\n\n\n\n<p><strong>5. I vostri diritti<\/strong><\/p>\n\n\n\n<p>In conformit\u00e0 alla normativa vigente, le persone interessati dal trattamento dei dati personali da parte di YOG-IN riconoscono di essere state informate circa i loro diritti e di beneficiare quindi di :<\/p>\n\n\n\n<ul class=\"wp-block-list\" data-block-type=\"core\">\n<li data-block-type=\"core\">un diritto di accesso e rettifica che consente di modificare, completare o aggiornare i propri dati personali;<\/li>\n\n\n\n<li data-block-type=\"core\">il diritto di cancellare i dati inesatti, incompleti, ambigui, non aggiornati o la cui raccolta, utilizzo, comunicazione o conservazione \u00e8 vietata;<\/li>\n\n\n\n<li data-block-type=\"core\">il diritto di opporsi al trattamento dei dati per motivi legittimi;<\/li>\n\n\n\n<li data-block-type=\"core\">il diritto di opporsi, senza necessit\u00e0 di indicarne il motivo, all&#8217;utilizzo dei dati per scopi di marketing;<\/li>\n\n\n\n<li data-block-type=\"core\">il diritto di definire le direttive relative alla destinazione dei dati personali post mortem<\/li>\n\n\n\n<li data-block-type=\"core\">il diritto alla portabilit\u00e0 dei dati, in un formato strutturato, di uso comune e leggibile da dispositivo automatico;<\/li>\n\n\n\n<li data-block-type=\"core\">il diritto alla limitazione del trattamento, nei termini e alle condizioni di cui all&#8217;art. 18 del Regolamento Europeo n. 2016\/679 del 27 aprile 2016;<\/li>\n\n\n\n<li data-block-type=\"core\">il diritto di proporre reclamo all&#8217;autorit\u00e0 di controllo competente.<\/li>\n<\/ul>\n\n\n\n<p>Quando il trattamento \u00e9 fondato sul consenso prestato, siete liberi di ritirare il consenso in ogi momento, utilizzando l\u2019indirizzo e-mail&nbsp;<a href=\"mailto:info@yog-in.net\">info@yog-in.net<\/a>.<\/p>\n\n\n\n<p><strong>6. Diritto di opposizione<\/strong><\/p>\n\n\n\n<p>Avete il diritto di opporvi in qualsiasi momento, per motivi connessi alla vostra situazione particolare, al trattamento dei vostri dati personali basato sull&#8217;articolo 6, paragrafo 1, lettere e) o f), compresa la profilazione. Avete inoltre il diritto di opporvi in qualsiasi momento al trattamento dei vostri dati per finalit\u00e0 di prospezione commerciale.<\/p>\n\n\n\n<p>Per esercitare il vostro diritto di opposizione o per revocare il vostro consenso al trattamento dei dati a cui avete acconsentito, potete contattarci via e-mail info@yog-in.net o per posta al seguente indirizzo: 18 rue Buzelin, 75018 Parigi, Francia.<\/p>\n\n\n\n<p><strong>7. Cookies<\/strong><\/p>\n\n\n\n<p>L&#8217;utente \u00e8 informato che, quando visita il sito, \u00e8 possibile che vengano installati automaticamente dei cookie sul suo browser.<\/p>\n\n\n\n<p>I cookie sono &#8220;informazioni memorizzate nell&#8217;apparecchiatura terminale&#8221;, che vengono inserite da un sito web nel terminale dell&#8217;utente. Il deposito di un &#8220;cookie&#8221; comporta quindi l&#8217;apposizione di una &#8220;etichetta&#8221; sul terminale dell&#8217;utente. Se questa etichetta contiene un numero di identificazione univoco, il sito sar\u00e0 in grado di utilizzare questo identificatore per distinguere un utente di Internet da un altro e quindi riconoscerlo da una visita all&#8217;altra. L&#8217;etichetta \u00e8 utilizzata principalmente come identificatore e non pu\u00f2 essere eseguita come codice o portare un virus.<\/p>\n\n\n\n<p>Lo scopo di questi cookie \u00e8 quello di rendere la visita al nostro sito pi\u00f9 agevole .<\/p>\n\n\n\n<p>Questo sito utilizza i seguenti cookies:<\/p>\n\n\n\n<p>&#8211; cookie di sessione, temporanei e cancellati non appena si abbandona il browser o il sito,<\/p>\n\n\n\n<p>&#8211; cookie permanenti, che rimangono sul vostro terminale fino alla scadenza della loro durata o fino a quando non li cancellate utilizzando le funzioni del vostro browser.<\/p>\n\n\n\n<p>Le informazioni raccolte dai cookie implementati da YOG-IN ed elencate di seguito sono oggetto di un trattamento informatico basato sul nostro legittimo interesse ai sensi dell&#8217;articolo 6 f) GDPR destinato a :<\/p>\n\n\n\n<p>&#8211; facilitare la connessione al nostro sito. Questi processi vengono utilizzati solo per facilitare la navigazione sulle nostre pagine web e i dati personali contenuti nei cookie non vengono trasferiti da YOG-IN a terzi;<\/p>\n\n\n\n<p>&#8211; misurare e analizzare il pubblico, il traffico e la navigazione sul nostro sito, in particolare allo scopo di migliorare i nostri servizi.<\/p>\n\n\n\n<p>I cookie hanno una validit\u00e0 di 13 mesi.<\/p>\n\n\n\n<p>Se l&#8217;utente desidera bloccare i cookie, il suo browser offre la possibilit\u00e0 di farlo: pu\u00f2 rifiutare di ricevere e salvare nuovi cookie. Tuttavia, se imposta il browser in modo da rifiutare automaticamente i cookie, non sar\u00e0 pi\u00f9 in grado di utilizzare alcune funzioni del sito web di YOG-IN.<\/p>\n\n\n\n<p>Sebbene la maggior parte dei browser sia impostata per default in modo da accettare l&#8217;installazione dei cookie, \u00e8 possibile impostare il browser in modo da accettare o rifiutare l&#8217;installazione o l&#8217;uso dei cookie o da scegliere quali accettare a seconda di chi li invia. \u00c8 possibile fare clic sul menu &#8220;Aiuto&#8221; del browser per scoprire come modificare le preferenze relative ai cookie.<\/p>\n\n\n\n<p>\u00c8 inoltre possibile impostare il browser in modo che accetti o rifiuti i cookie di volta in volta prima che vengano installati. \u00c8 inoltre possibile eliminare regolarmente i cookie dal proprio terminale tramite il browser. Non dimenticate di configurare tutti i browser sui vostri diversi terminali (tablet, smartphone, computer, ecc.).<\/p>\n\n\n\n<p>La registrazione di un cookie nel vostro terminale \u00e8 essenzialmente subordinata alla vostra volont\u00e0, che potete esprimere e modificare in qualsiasi momento e gratuitamente attraverso le scelte offerte dal software del vostro browser.<\/p>\n\n\n\n<p><strong>8. <\/strong><strong>Siti terzi<\/strong><\/p>\n\n\n\n<p>Questo sito pu\u00f2 contenere link ad altri siti web di terzi che non sono controllati o gestiti da YOG-IN. Si prega di notare che questi siti hanno le loro politiche sulla privacy e che, non potendo controllare questi siti e altre fonti esterne, YOG-IN non pu\u00f2 essere ritenuta responsabile dei problemi di accesso o dei contenuti di questi siti. Si prega di leggere queste politiche prima di divulgare qualsiasi dato personale quando si visitano questi siti web di terze parti.<\/p>\n\n\n\n<p>Il sito YOG-IN utilizza plug-in vlti a facilitare la condivisione dei contenuti del sito su varie piattaforme&nbsp; (Facebook, Twitter, Google+, ecc.). Questo tipo di pulsante applicativo pu\u00f2 consentire al social network interessato di tracciare la vostra navigazione sul sito, semplicemente perch\u00e9 il vostro account con il social network interessato \u00e8 stato attivato sul vostro terminale (sessione aperta), durante la vostra navigazione sul sito. YOG-IN non ha alcun controllo sul processo utilizzato dai social networks per raccogliere informazioni relative alla vostra navigazione sul sito e associate ai dati personali in loro possesso. Vi invitiamo a consultare le politiche di protezione della privacy di questi social networks per conoscere le finalit\u00e0 di utilizzo, in particolare pubblicitario, delle informazioni di navigazione che possono raccogliere utilizzando questi pulsanti di applicazione.<\/p>\n\n\n\n<p><strong>9. Sicurezza dei dati personali e omunicazione vie posta elettronica<\/strong><strong><\/strong><\/p>\n\n\n\n<p>YOG-IN mette in atto tutti i mezzi tecnici e organizzativi necessari per salvaguardare i vostri dati, in particolare impedendo a terzi di accedervi.<\/p>\n\n\n\n<p>I dipendenti e i fornitori di servizi incaricati da YOG-IN sono soggetti all&#8217;obbligo di riservatezza e al rispetto della normativa sui dati personali.<\/p>\n\n\n\n<p>Tuttavia, YOG-IN non pu\u00f2 garantire la sicurezza assoluta di Internet o di qualsiasi comunicazione online.<strong>In caso di domande o commenti sull&#8217;Informativa sulla privacy o sulle procedure di protezione dei dati, si prega di contattare: info@yog-in.net<\/strong><\/p>\n\n\n\n<p><\/p>\n","protected":false},"excerpt":{"rendered":"<p>Ultimo aggiornamento dell&#8217;Informativa sulla privacy di YOG-IN: 24 marzo 2023 YOG-IN presta particolare attenzione alla protezione e alla sicurezza dei vostri dati personali. YOG-IN rispetta le normative sui dati personali e sulle comunicazioni elettroniche, tra cui in particolare il Regolamento (UE) 2016\/679 (General Data Protection Regulation &#8211; GDPR), e la legge francese n. 78-17 del [&hellip;]<\/p>\n","protected":false},"author":1,"featured_media":0,"parent":0,"menu_order":0,"comment_status":"closed","ping_status":"closed","template":"","meta":{"footnotes":""},"class_list":["post-24","page","type-page","status-publish","hentry"],"yoast_head":"<!-- This site is optimized with the Yoast SEO plugin v27.5 - https:\/\/yoast.com\/product\/yoast-seo-wordpress\/ -->\n<title>politica sulla riservatezza - YOG-IN Italia<\/title>\n<meta name=\"description\" content=\"aggiornamento dell&#039;Informativa sulla privacy di YOG-IN\" \/>\n<meta name=\"robots\" content=\"index, follow, max-snippet:-1, max-image-preview:large, max-video-preview:-1\" \/>\n<link rel=\"canonical\" href=\"https:\/\/yog-in.net\/it\/politica-sulla-riservatezza\/\" \/>\n<meta property=\"og:locale\" content=\"it_IT\" \/>\n<meta property=\"og:type\" content=\"article\" \/>\n<meta property=\"og:title\" content=\"politica sulla riservatezza - YOG-IN Italia\" \/>\n<meta property=\"og:description\" content=\"aggiornamento dell&#039;Informativa sulla privacy di YOG-IN\" \/>\n<meta property=\"og:url\" content=\"https:\/\/yog-in.net\/it\/politica-sulla-riservatezza\/\" \/>\n<meta property=\"og:site_name\" content=\"YOG-IN Italia\" \/>\n<meta property=\"article:modified_time\" content=\"2023-10-21T10:20:09+00:00\" \/>\n<meta name=\"twitter:card\" content=\"summary_large_image\" \/>\n<meta name=\"twitter:label1\" content=\"Tempo di lettura stimato\" \/>\n\t<meta name=\"twitter:data1\" content=\"10 minuti\" \/>\n<script type=\"application\/ld+json\" class=\"yoast-schema-graph\">{\"@context\":\"https:\\\/\\\/schema.org\",\"@graph\":[{\"@type\":\"WebPage\",\"@id\":\"https:\\\/\\\/yog-in.net\\\/it\\\/politica-sulla-riservatezza\\\/\",\"url\":\"https:\\\/\\\/yog-in.net\\\/it\\\/politica-sulla-riservatezza\\\/\",\"name\":\"politica sulla riservatezza - YOG-IN Italia\",\"isPartOf\":{\"@id\":\"https:\\\/\\\/yog-in.net\\\/it\\\/#website\"},\"datePublished\":\"2023-10-04T11:03:23+00:00\",\"dateModified\":\"2023-10-21T10:20:09+00:00\",\"description\":\"aggiornamento dell'Informativa sulla privacy di YOG-IN\",\"breadcrumb\":{\"@id\":\"https:\\\/\\\/yog-in.net\\\/it\\\/politica-sulla-riservatezza\\\/#breadcrumb\"},\"inLanguage\":\"it-IT\",\"potentialAction\":[{\"@type\":\"ReadAction\",\"target\":[\"https:\\\/\\\/yog-in.net\\\/it\\\/politica-sulla-riservatezza\\\/\"]}]},{\"@type\":\"BreadcrumbList\",\"@id\":\"https:\\\/\\\/yog-in.net\\\/it\\\/politica-sulla-riservatezza\\\/#breadcrumb\",\"itemListElement\":[{\"@type\":\"ListItem\",\"position\":1,\"name\":\"Home\",\"item\":\"https:\\\/\\\/yog-in.net\\\/it\\\/\"},{\"@type\":\"ListItem\",\"position\":2,\"name\":\"politica sulla riservatezza\"}]},{\"@type\":\"WebSite\",\"@id\":\"https:\\\/\\\/yog-in.net\\\/it\\\/#website\",\"url\":\"https:\\\/\\\/yog-in.net\\\/it\\\/\",\"name\":\"YOG-IN Italia\",\"description\":\"Prodotti e accessori per lo yoga\",\"publisher\":{\"@id\":\"https:\\\/\\\/yog-in.net\\\/it\\\/#organization\"},\"potentialAction\":[{\"@type\":\"SearchAction\",\"target\":{\"@type\":\"EntryPoint\",\"urlTemplate\":\"https:\\\/\\\/yog-in.net\\\/it\\\/?s={search_term_string}\"},\"query-input\":{\"@type\":\"PropertyValueSpecification\",\"valueRequired\":true,\"valueName\":\"search_term_string\"}}],\"inLanguage\":\"it-IT\"},{\"@type\":\"Organization\",\"@id\":\"https:\\\/\\\/yog-in.net\\\/it\\\/#organization\",\"name\":\"YOG-IN Italia\",\"url\":\"https:\\\/\\\/yog-in.net\\\/it\\\/\",\"logo\":{\"@type\":\"ImageObject\",\"inLanguage\":\"it-IT\",\"@id\":\"https:\\\/\\\/yog-in.net\\\/it\\\/#\\\/schema\\\/logo\\\/image\\\/\",\"url\":\"https:\\\/\\\/yog-in.net\\\/it\\\/wp-content\\\/uploads\\\/sites\\\/7\\\/2023\\\/10\\\/cropped-yogin_logo_black_on_white_sq650_72dpi.webp\",\"contentUrl\":\"https:\\\/\\\/yog-in.net\\\/it\\\/wp-content\\\/uploads\\\/sites\\\/7\\\/2023\\\/10\\\/cropped-yogin_logo_black_on_white_sq650_72dpi.webp\",\"width\":512,\"height\":512,\"caption\":\"YOG-IN Italia\"},\"image\":{\"@id\":\"https:\\\/\\\/yog-in.net\\\/it\\\/#\\\/schema\\\/logo\\\/image\\\/\"}}]}<\/script>\n<!-- \/ Yoast SEO plugin. -->","yoast_head_json":{"title":"politica sulla riservatezza - YOG-IN Italia","description":"aggiornamento dell'Informativa sulla privacy di YOG-IN","robots":{"index":"index","follow":"follow","max-snippet":"max-snippet:-1","max-image-preview":"max-image-preview:large","max-video-preview":"max-video-preview:-1"},"canonical":"https:\/\/yog-in.net\/it\/politica-sulla-riservatezza\/","og_locale":"it_IT","og_type":"article","og_title":"politica sulla riservatezza - YOG-IN Italia","og_description":"aggiornamento dell'Informativa sulla privacy di YOG-IN","og_url":"https:\/\/yog-in.net\/it\/politica-sulla-riservatezza\/","og_site_name":"YOG-IN Italia","article_modified_time":"2023-10-21T10:20:09+00:00","twitter_card":"summary_large_image","twitter_misc":{"Tempo di lettura stimato":"10 minuti"},"schema":{"@context":"https:\/\/schema.org","@graph":[{"@type":"WebPage","@id":"https:\/\/yog-in.net\/it\/politica-sulla-riservatezza\/","url":"https:\/\/yog-in.net\/it\/politica-sulla-riservatezza\/","name":"politica sulla riservatezza - YOG-IN Italia","isPartOf":{"@id":"https:\/\/yog-in.net\/it\/#website"},"datePublished":"2023-10-04T11:03:23+00:00","dateModified":"2023-10-21T10:20:09+00:00","description":"aggiornamento dell'Informativa sulla privacy di YOG-IN","breadcrumb":{"@id":"https:\/\/yog-in.net\/it\/politica-sulla-riservatezza\/#breadcrumb"},"inLanguage":"it-IT","potentialAction":[{"@type":"ReadAction","target":["https:\/\/yog-in.net\/it\/politica-sulla-riservatezza\/"]}]},{"@type":"BreadcrumbList","@id":"https:\/\/yog-in.net\/it\/politica-sulla-riservatezza\/#breadcrumb","itemListElement":[{"@type":"ListItem","position":1,"name":"Home","item":"https:\/\/yog-in.net\/it\/"},{"@type":"ListItem","position":2,"name":"politica sulla riservatezza"}]},{"@type":"WebSite","@id":"https:\/\/yog-in.net\/it\/#website","url":"https:\/\/yog-in.net\/it\/","name":"YOG-IN Italia","description":"Prodotti e accessori per lo yoga","publisher":{"@id":"https:\/\/yog-in.net\/it\/#organization"},"potentialAction":[{"@type":"SearchAction","target":{"@type":"EntryPoint","urlTemplate":"https:\/\/yog-in.net\/it\/?s={search_term_string}"},"query-input":{"@type":"PropertyValueSpecification","valueRequired":true,"valueName":"search_term_string"}}],"inLanguage":"it-IT"},{"@type":"Organization","@id":"https:\/\/yog-in.net\/it\/#organization","name":"YOG-IN Italia","url":"https:\/\/yog-in.net\/it\/","logo":{"@type":"ImageObject","inLanguage":"it-IT","@id":"https:\/\/yog-in.net\/it\/#\/schema\/logo\/image\/","url":"https:\/\/yog-in.net\/it\/wp-content\/uploads\/sites\/7\/2023\/10\/cropped-yogin_logo_black_on_white_sq650_72dpi.webp","contentUrl":"https:\/\/yog-in.net\/it\/wp-content\/uploads\/sites\/7\/2023\/10\/cropped-yogin_logo_black_on_white_sq650_72dpi.webp","width":512,"height":512,"caption":"YOG-IN Italia"},"image":{"@id":"https:\/\/yog-in.net\/it\/#\/schema\/logo\/image\/"}}]}},"_links":{"self":[{"href":"https:\/\/yog-in.net\/it\/wp-json\/wp\/v2\/pages\/24","targetHints":{"allow":["GET"]}}],"collection":[{"href":"https:\/\/yog-in.net\/it\/wp-json\/wp\/v2\/pages"}],"about":[{"href":"https:\/\/yog-in.net\/it\/wp-json\/wp\/v2\/types\/page"}],"author":[{"embeddable":true,"href":"https:\/\/yog-in.net\/it\/wp-json\/wp\/v2\/users\/1"}],"replies":[{"embeddable":true,"href":"https:\/\/yog-in.net\/it\/wp-json\/wp\/v2\/comments?post=24"}],"version-history":[{"count":2,"href":"https:\/\/yog-in.net\/it\/wp-json\/wp\/v2\/pages\/24\/revisions"}],"predecessor-version":[{"id":106,"href":"https:\/\/yog-in.net\/it\/wp-json\/wp\/v2\/pages\/24\/revisions\/106"}],"wp:attachment":[{"href":"https:\/\/yog-in.net\/it\/wp-json\/wp\/v2\/media?parent=24"}],"curies":[{"name":"wp","href":"https:\/\/api.w.org\/{rel}","templated":true}]}}