{"id":36,"date":"2023-10-04T13:57:48","date_gmt":"2023-10-04T11:57:48","guid":{"rendered":"https:\/\/yog-in.net\/it\/?page_id=36"},"modified":"2023-10-21T08:00:56","modified_gmt":"2023-10-21T06:00:56","slug":"informazione-legale","status":"publish","type":"page","link":"https:\/\/yog-in.net\/it\/informazione-legale\/","title":{"rendered":"Informazione Legale"},"content":{"rendered":"\n<p><strong>INFORMAZIONE LEGALE<\/strong><strong><\/strong><\/p>\n\n\n\n<p>Il presente sito web www.yog-in.net \u00e8 pubblicato da YOG-IN EURL, societ\u00e0 unipersonale a responsabilit\u00e0 limitata con capitale di 1.000 euro, iscritta al Registro delle Imprese di Parigi con il numero 500 004 684, la cui sede legale si trova al 18 rue Buzelin, 75018, Parigi.<\/p>\n\n\n\n<p>Questo sito \u00e8 ospitato da :Hostinger, bas\u00e9 \u00e0 Kaunas, Lituanie. Le serveur est situ\u00e9 aux Pays-Bas.<\/p>\n\n\n\n<p><strong>Termini e condizioni d&#8217;uso<\/strong><strong> <\/strong><strong><\/strong><\/p>\n\n\n\n<p>Gli utenti di questo sito riconoscono di aver letto le presenti condizioni di utilizzo e si impegnano a rispettarle.<\/p>\n\n\n\n<p><strong>Titolarit\u00e0 dei diritti<\/strong><strong><\/strong><\/p>\n\n\n\n<p>Questo sito e ciascuno dei suoi componenti sono propriet\u00e0 esclusiva di YOG-IN.<\/p>\n\n\n\n<p>Gli utenti non sono autorizzati a riprodurre, rappresentare, modificare o tradurre questo sito o qualsiasi suo componente senza il preventivo consenso scritto di YOG-IN.<\/p>\n\n\n\n<p><strong>Clausola di esonero di responsabilit\u00e0<\/strong><strong><\/strong><\/p>\n\n\n\n<p>YOG-IN declina ogni responsabilit\u00e0 per:<\/p>\n\n\n\n<ul class=\"is-style-tw-checkmark wp-block-list\" data-block-type=\"core\">\n<li data-block-type=\"core\">qualsiasi interruzione del sito<\/li>\n\n\n\n<li data-block-type=\"core\">l&#8217;insorgere di bug<\/li>\n\n\n\n<li data-block-type=\"core\">qualsiasi imprecisione o omissione relativa alle informazioni disponibili sul sito<\/li>\n\n\n\n<li data-block-type=\"core\">per qualsiasi danno derivante da un&#8217;intrusione fraudolenta da parte di terzi che porti alla modifica delle informazioni pubblicate su questo sito<\/li>\n\n\n\n<li data-block-type=\"core\">e pi\u00f9 in generale, per qualsiasi danno, compresi i costi che possono derivare dall&#8217;acquisto di beni offerti sul sito a causa dell&#8217;accesso di qualsiasi persona al sito o dell&#8217;impossibilit\u00e0 di accedervi o del credito dato a qualsiasi informazione proveniente direttamente o indirettamente da quest&#8217;ultimo<\/li>\n<\/ul>\n\n\n\n<p><strong>Links ipertestuali<\/strong><strong><\/strong><\/p>\n\n\n\n<p>Tutti i link a questo sito richiedono l&#8217;autorizzazione scritta dell&#8217;editore.<\/p>\n","protected":false},"excerpt":{"rendered":"<p>INFORMAZIONE LEGALE Il presente sito web www.yog-in.net \u00e8 pubblicato da YOG-IN EURL, societ\u00e0 unipersonale a responsabilit\u00e0 limitata con capitale di 1.000 euro, iscritta al Registro delle Imprese di Parigi con il numero 500 004 684, la cui sede legale si trova al 18 rue Buzelin, 75018, Parigi. Questo sito \u00e8 ospitato da :Hostinger, bas\u00e9 \u00e0 [&hellip;]<\/p>\n","protected":false},"author":1,"featured_media":0,"parent":0,"menu_order":0,"comment_status":"closed","ping_status":"closed","template":"","meta":{"footnotes":""},"class_list":["post-36","page","type-page","status-publish","hentry"],"yoast_head":"<!-- This site is optimized with the Yoast SEO plugin v27.5 - https:\/\/yoast.com\/product\/yoast-seo-wordpress\/ -->\n<title>Informazione Legale - YOG-IN Italia<\/title>\n<meta name=\"robots\" content=\"index, follow, max-snippet:-1, max-image-preview:large, max-video-preview:-1\" \/>\n<link rel=\"canonical\" href=\"https:\/\/yog-in.net\/it\/informazione-legale\/\" \/>\n<meta property=\"og:locale\" content=\"it_IT\" \/>\n<meta property=\"og:type\" content=\"article\" \/>\n<meta property=\"og:title\" content=\"Informazione Legale - YOG-IN Italia\" \/>\n<meta property=\"og:description\" content=\"INFORMAZIONE LEGALE Il presente sito web www.yog-in.net \u00e8 pubblicato da YOG-IN EURL, societ\u00e0 unipersonale a responsabilit\u00e0 limitata con capitale di 1.000 euro, iscritta al Registro delle Imprese di Parigi con il numero 500 004 684, la cui sede legale si trova al 18 rue Buzelin, 75018, Parigi. Questo sito \u00e8 ospitato da :Hostinger, bas\u00e9 \u00e0 [&hellip;]\" \/>\n<meta property=\"og:url\" content=\"https:\/\/yog-in.net\/it\/informazione-legale\/\" \/>\n<meta property=\"og:site_name\" content=\"YOG-IN Italia\" \/>\n<meta property=\"article:modified_time\" content=\"2023-10-21T06:00:56+00:00\" \/>\n<meta name=\"twitter:card\" content=\"summary_large_image\" \/>\n<meta name=\"twitter:label1\" content=\"Tempo di lettura stimato\" \/>\n\t<meta name=\"twitter:data1\" content=\"2 minuti\" \/>\n<script type=\"application\/ld+json\" class=\"yoast-schema-graph\">{\"@context\":\"https:\\\/\\\/schema.org\",\"@graph\":[{\"@type\":\"WebPage\",\"@id\":\"https:\\\/\\\/yog-in.net\\\/it\\\/informazione-legale\\\/\",\"url\":\"https:\\\/\\\/yog-in.net\\\/it\\\/informazione-legale\\\/\",\"name\":\"Informazione Legale - YOG-IN Italia\",\"isPartOf\":{\"@id\":\"https:\\\/\\\/yog-in.net\\\/it\\\/#website\"},\"datePublished\":\"2023-10-04T11:57:48+00:00\",\"dateModified\":\"2023-10-21T06:00:56+00:00\",\"breadcrumb\":{\"@id\":\"https:\\\/\\\/yog-in.net\\\/it\\\/informazione-legale\\\/#breadcrumb\"},\"inLanguage\":\"it-IT\",\"potentialAction\":[{\"@type\":\"ReadAction\",\"target\":[\"https:\\\/\\\/yog-in.net\\\/it\\\/informazione-legale\\\/\"]}]},{\"@type\":\"BreadcrumbList\",\"@id\":\"https:\\\/\\\/yog-in.net\\\/it\\\/informazione-legale\\\/#breadcrumb\",\"itemListElement\":[{\"@type\":\"ListItem\",\"position\":1,\"name\":\"Home\",\"item\":\"https:\\\/\\\/yog-in.net\\\/it\\\/\"},{\"@type\":\"ListItem\",\"position\":2,\"name\":\"Informazione Legale\"}]},{\"@type\":\"WebSite\",\"@id\":\"https:\\\/\\\/yog-in.net\\\/it\\\/#website\",\"url\":\"https:\\\/\\\/yog-in.net\\\/it\\\/\",\"name\":\"YOG-IN Italia\",\"description\":\"Prodotti e accessori per lo yoga\",\"publisher\":{\"@id\":\"https:\\\/\\\/yog-in.net\\\/it\\\/#organization\"},\"potentialAction\":[{\"@type\":\"SearchAction\",\"target\":{\"@type\":\"EntryPoint\",\"urlTemplate\":\"https:\\\/\\\/yog-in.net\\\/it\\\/?s={search_term_string}\"},\"query-input\":{\"@type\":\"PropertyValueSpecification\",\"valueRequired\":true,\"valueName\":\"search_term_string\"}}],\"inLanguage\":\"it-IT\"},{\"@type\":\"Organization\",\"@id\":\"https:\\\/\\\/yog-in.net\\\/it\\\/#organization\",\"name\":\"YOG-IN Italia\",\"url\":\"https:\\\/\\\/yog-in.net\\\/it\\\/\",\"logo\":{\"@type\":\"ImageObject\",\"inLanguage\":\"it-IT\",\"@id\":\"https:\\\/\\\/yog-in.net\\\/it\\\/#\\\/schema\\\/logo\\\/image\\\/\",\"url\":\"https:\\\/\\\/yog-in.net\\\/it\\\/wp-content\\\/uploads\\\/sites\\\/7\\\/2023\\\/10\\\/cropped-yogin_logo_black_on_white_sq650_72dpi.webp\",\"contentUrl\":\"https:\\\/\\\/yog-in.net\\\/it\\\/wp-content\\\/uploads\\\/sites\\\/7\\\/2023\\\/10\\\/cropped-yogin_logo_black_on_white_sq650_72dpi.webp\",\"width\":512,\"height\":512,\"caption\":\"YOG-IN Italia\"},\"image\":{\"@id\":\"https:\\\/\\\/yog-in.net\\\/it\\\/#\\\/schema\\\/logo\\\/image\\\/\"}}]}<\/script>\n<!-- \/ Yoast SEO plugin. -->","yoast_head_json":{"title":"Informazione Legale - YOG-IN Italia","robots":{"index":"index","follow":"follow","max-snippet":"max-snippet:-1","max-image-preview":"max-image-preview:large","max-video-preview":"max-video-preview:-1"},"canonical":"https:\/\/yog-in.net\/it\/informazione-legale\/","og_locale":"it_IT","og_type":"article","og_title":"Informazione Legale - YOG-IN Italia","og_description":"INFORMAZIONE LEGALE Il presente sito web www.yog-in.net \u00e8 pubblicato da YOG-IN EURL, societ\u00e0 unipersonale a responsabilit\u00e0 limitata con capitale di 1.000 euro, iscritta al Registro delle Imprese di Parigi con il numero 500 004 684, la cui sede legale si trova al 18 rue Buzelin, 75018, Parigi. Questo sito \u00e8 ospitato da :Hostinger, bas\u00e9 \u00e0 [&hellip;]","og_url":"https:\/\/yog-in.net\/it\/informazione-legale\/","og_site_name":"YOG-IN Italia","article_modified_time":"2023-10-21T06:00:56+00:00","twitter_card":"summary_large_image","twitter_misc":{"Tempo di lettura stimato":"2 minuti"},"schema":{"@context":"https:\/\/schema.org","@graph":[{"@type":"WebPage","@id":"https:\/\/yog-in.net\/it\/informazione-legale\/","url":"https:\/\/yog-in.net\/it\/informazione-legale\/","name":"Informazione Legale - YOG-IN Italia","isPartOf":{"@id":"https:\/\/yog-in.net\/it\/#website"},"datePublished":"2023-10-04T11:57:48+00:00","dateModified":"2023-10-21T06:00:56+00:00","breadcrumb":{"@id":"https:\/\/yog-in.net\/it\/informazione-legale\/#breadcrumb"},"inLanguage":"it-IT","potentialAction":[{"@type":"ReadAction","target":["https:\/\/yog-in.net\/it\/informazione-legale\/"]}]},{"@type":"BreadcrumbList","@id":"https:\/\/yog-in.net\/it\/informazione-legale\/#breadcrumb","itemListElement":[{"@type":"ListItem","position":1,"name":"Home","item":"https:\/\/yog-in.net\/it\/"},{"@type":"ListItem","position":2,"name":"Informazione Legale"}]},{"@type":"WebSite","@id":"https:\/\/yog-in.net\/it\/#website","url":"https:\/\/yog-in.net\/it\/","name":"YOG-IN Italia","description":"Prodotti e accessori per lo yoga","publisher":{"@id":"https:\/\/yog-in.net\/it\/#organization"},"potentialAction":[{"@type":"SearchAction","target":{"@type":"EntryPoint","urlTemplate":"https:\/\/yog-in.net\/it\/?s={search_term_string}"},"query-input":{"@type":"PropertyValueSpecification","valueRequired":true,"valueName":"search_term_string"}}],"inLanguage":"it-IT"},{"@type":"Organization","@id":"https:\/\/yog-in.net\/it\/#organization","name":"YOG-IN Italia","url":"https:\/\/yog-in.net\/it\/","logo":{"@type":"ImageObject","inLanguage":"it-IT","@id":"https:\/\/yog-in.net\/it\/#\/schema\/logo\/image\/","url":"https:\/\/yog-in.net\/it\/wp-content\/uploads\/sites\/7\/2023\/10\/cropped-yogin_logo_black_on_white_sq650_72dpi.webp","contentUrl":"https:\/\/yog-in.net\/it\/wp-content\/uploads\/sites\/7\/2023\/10\/cropped-yogin_logo_black_on_white_sq650_72dpi.webp","width":512,"height":512,"caption":"YOG-IN Italia"},"image":{"@id":"https:\/\/yog-in.net\/it\/#\/schema\/logo\/image\/"}}]}},"_links":{"self":[{"href":"https:\/\/yog-in.net\/it\/wp-json\/wp\/v2\/pages\/36","targetHints":{"allow":["GET"]}}],"collection":[{"href":"https:\/\/yog-in.net\/it\/wp-json\/wp\/v2\/pages"}],"about":[{"href":"https:\/\/yog-in.net\/it\/wp-json\/wp\/v2\/types\/page"}],"author":[{"embeddable":true,"href":"https:\/\/yog-in.net\/it\/wp-json\/wp\/v2\/users\/1"}],"replies":[{"embeddable":true,"href":"https:\/\/yog-in.net\/it\/wp-json\/wp\/v2\/comments?post=36"}],"version-history":[{"count":2,"href":"https:\/\/yog-in.net\/it\/wp-json\/wp\/v2\/pages\/36\/revisions"}],"predecessor-version":[{"id":50,"href":"https:\/\/yog-in.net\/it\/wp-json\/wp\/v2\/pages\/36\/revisions\/50"}],"wp:attachment":[{"href":"https:\/\/yog-in.net\/it\/wp-json\/wp\/v2\/media?parent=36"}],"curies":[{"name":"wp","href":"https:\/\/api.w.org\/{rel}","templated":true}]}}