{"id":110,"date":"2023-10-21T12:57:21","date_gmt":"2023-10-21T10:57:21","guid":{"rendered":"https:\/\/yog-in.net\/it\/?post_type=product&#038;p=110"},"modified":"2023-11-07T08:59:08","modified_gmt":"2023-11-07T07:59:08","slug":"oshadi","status":"publish","type":"product","link":"https:\/\/yog-in.net\/it\/product\/oshadi\/","title":{"rendered":"OSHADI"},"content":{"rendered":"<p><span data-contrast=\"auto\">TAPPETINI DA YOGA ECOLOGICI<\/span><span data-ccp-props=\"{&quot;201341983&quot;:0,&quot;335551550&quot;:6,&quot;335551620&quot;:6,&quot;335559739&quot;:160,&quot;335559740&quot;:259}\">\u00a0<\/span><\/p>\n<p><span data-contrast=\"auto\">Il tappetino YOG-IN \u00e8 realizzato in sughero sul lato superiore e caucci\u00f9 naturale sul lato inferiore. Il sughero \u00e8 morbido al tatto e naturalmente antibatterico; assorbe l\u2019umidit\u00e0 e garantisce presa ed effetto antiscivolo eccezionali. Il caucci\u00f9 naturale \u00e8 isolante ed antiscivolo. Il tappetino YOG-IN non si sposta mai durante la pratica.\u00a0<\/span><span data-ccp-props=\"{&quot;134233117&quot;:true,&quot;134233118&quot;:true,&quot;201341983&quot;:0,&quot;335551550&quot;:6,&quot;335551620&quot;:6,&quot;335559740&quot;:240}\">\u00a0<\/span><\/p>\n<p><span data-contrast=\"auto\">Il tappetino YOG-IN \u00e8 eco-compatibile e biodegradabile, senza PVC o altre plastiche, senza metalli pesanti, sostanze chimiche tossiche, sostanze ozono-distruttive.\u00a0<\/span><span data-ccp-props=\"{&quot;134233117&quot;:true,&quot;134233118&quot;:true,&quot;201341983&quot;:0,&quot;335551550&quot;:6,&quot;335551620&quot;:6,&quot;335559740&quot;:240}\">\u00a0<\/span><\/p>\n<p><span data-contrast=\"auto\">Dimensioni: <\/span><span data-contrast=\"auto\">61 cm X 183 cm<\/span><span data-ccp-props=\"{&quot;134233117&quot;:true,&quot;134233118&quot;:true,&quot;201341983&quot;:0,&quot;335551550&quot;:6,&quot;335551620&quot;:6,&quot;335559740&quot;:240}\">\u00a0<\/span><\/p>\n<p><span data-contrast=\"auto\">Spessore: 4mm<\/span><span data-ccp-props=\"{&quot;134233117&quot;:true,&quot;134233118&quot;:true,&quot;201341983&quot;:0,&quot;335551550&quot;:6,&quot;335551620&quot;:6,&quot;335559740&quot;:240}\">\u00a0<\/span><\/p>\n<p><span data-contrast=\"auto\">Peso:<\/span> <span data-contrast=\"auto\">2,4 Kg<\/span><span data-ccp-props=\"{&quot;134233117&quot;:true,&quot;134233118&quot;:true,&quot;201341983&quot;:0,&quot;335551550&quot;:6,&quot;335551620&quot;:6,&quot;335559740&quot;:240}\">\u00a0<\/span><\/p>\n<p>&nbsp;<\/p>\n","protected":false},"excerpt":{"rendered":"<p><span class=\"TextRun SCXW65500090 BCX0\" lang=\"IT-IT\" xml:lang=\"IT-IT\" data-contrast=\"auto\"><span class=\"NormalTextRun SCXW65500090 BCX0\">OSHADI decorato con motivi vegetali, per <\/span><span class=\"NormalTextRun SpellingErrorV2Themed SCXW65500090 BCX0\">yogis<\/span><span class=\"NormalTextRun SCXW65500090 BCX0\"> et <\/span><span class=\"NormalTextRun SpellingErrorV2Themed SCXW65500090 BCX0\">yoginis<\/span><span class=\"NormalTextRun SCXW65500090 BCX0\"> dall\u2019animo bucolico<\/span><\/span><span class=\"EOP SCXW65500090 BCX0\" data-ccp-props=\"{&quot;201341983&quot;:0,&quot;335551550&quot;:6,&quot;335551620&quot;:6,&quot;335559739&quot;:160,&quot;335559740&quot;:259}\">\u00a0<\/span><\/p>\n","protected":false},"featured_media":117,"template":"","meta":[],"product_brand":[],"product_cat":[30,31],"product_tag":[],"class_list":{"0":"post-110","1":"product","2":"type-product","3":"status-publish","4":"has-post-thumbnail","6":"product_cat-oshadi","7":"product_cat-tappetini","8":"product_shipping_class-tappetini","10":"first","11":"instock","12":"shipping-taxable","13":"purchasable","14":"product-type-simple"},"yoast_head":"<!-- This site is optimized with the Yoast SEO plugin v27.5 - https:\/\/yoast.com\/product\/yoast-seo-wordpress\/ -->\n<title>OSHADI - YOG-IN Italia<\/title>\n<meta name=\"robots\" content=\"index, follow, max-snippet:-1, max-image-preview:large, max-video-preview:-1\" \/>\n<link rel=\"canonical\" href=\"https:\/\/yog-in.net\/it\/product\/oshadi\/\" \/>\n<meta property=\"og:locale\" content=\"it_IT\" \/>\n<meta property=\"og:type\" content=\"article\" \/>\n<meta property=\"og:title\" content=\"OSHADI - YOG-IN Italia\" \/>\n<meta property=\"og:description\" content=\"OSHADI decorato con motivi vegetali, per yogis et yoginis dall\u2019animo bucolico\u00a0\" \/>\n<meta property=\"og:url\" content=\"https:\/\/yog-in.net\/it\/product\/oshadi\/\" \/>\n<meta property=\"og:site_name\" content=\"YOG-IN Italia\" \/>\n<meta property=\"article:modified_time\" content=\"2023-11-07T07:59:08+00:00\" \/>\n<meta property=\"og:image\" content=\"http:\/\/yog-in.net\/it\/wp-content\/uploads\/sites\/7\/2023\/10\/Yogin-mat-bamboo-01.webp\" \/>\n\t<meta property=\"og:image:width\" content=\"512\" \/>\n\t<meta property=\"og:image:height\" content=\"331\" \/>\n\t<meta property=\"og:image:type\" content=\"image\/webp\" \/>\n<meta name=\"twitter:card\" content=\"summary_large_image\" \/>\n<meta name=\"twitter:label1\" content=\"Tempo di lettura stimato\" \/>\n\t<meta name=\"twitter:data1\" content=\"1 minuto\" \/>\n<script type=\"application\/ld+json\" class=\"yoast-schema-graph\">{\"@context\":\"https:\\\/\\\/schema.org\",\"@graph\":[{\"@type\":\"WebPage\",\"@id\":\"https:\\\/\\\/yog-in.net\\\/it\\\/product\\\/oshadi\\\/\",\"url\":\"https:\\\/\\\/yog-in.net\\\/it\\\/product\\\/oshadi\\\/\",\"name\":\"OSHADI - YOG-IN Italia\",\"isPartOf\":{\"@id\":\"https:\\\/\\\/yog-in.net\\\/it\\\/#website\"},\"primaryImageOfPage\":{\"@id\":\"https:\\\/\\\/yog-in.net\\\/it\\\/product\\\/oshadi\\\/#primaryimage\"},\"image\":{\"@id\":\"https:\\\/\\\/yog-in.net\\\/it\\\/product\\\/oshadi\\\/#primaryimage\"},\"thumbnailUrl\":\"https:\\\/\\\/yog-in.net\\\/it\\\/wp-content\\\/uploads\\\/sites\\\/7\\\/2023\\\/10\\\/Yogin-mat-bamboo-01.webp\",\"datePublished\":\"2023-10-21T10:57:21+00:00\",\"dateModified\":\"2023-11-07T07:59:08+00:00\",\"breadcrumb\":{\"@id\":\"https:\\\/\\\/yog-in.net\\\/it\\\/product\\\/oshadi\\\/#breadcrumb\"},\"inLanguage\":\"it-IT\",\"potentialAction\":[{\"@type\":\"ReadAction\",\"target\":[\"https:\\\/\\\/yog-in.net\\\/it\\\/product\\\/oshadi\\\/\"]}]},{\"@type\":\"ImageObject\",\"inLanguage\":\"it-IT\",\"@id\":\"https:\\\/\\\/yog-in.net\\\/it\\\/product\\\/oshadi\\\/#primaryimage\",\"url\":\"https:\\\/\\\/yog-in.net\\\/it\\\/wp-content\\\/uploads\\\/sites\\\/7\\\/2023\\\/10\\\/Yogin-mat-bamboo-01.webp\",\"contentUrl\":\"https:\\\/\\\/yog-in.net\\\/it\\\/wp-content\\\/uploads\\\/sites\\\/7\\\/2023\\\/10\\\/Yogin-mat-bamboo-01.webp\",\"width\":512,\"height\":331},{\"@type\":\"BreadcrumbList\",\"@id\":\"https:\\\/\\\/yog-in.net\\\/it\\\/product\\\/oshadi\\\/#breadcrumb\",\"itemListElement\":[{\"@type\":\"ListItem\",\"position\":1,\"name\":\"Home\",\"item\":\"https:\\\/\\\/yog-in.net\\\/it\\\/\"},{\"@type\":\"ListItem\",\"position\":2,\"name\":\"Shop\",\"item\":\"https:\\\/\\\/yog-in.net\\\/it\\\/shop\\\/\"},{\"@type\":\"ListItem\",\"position\":3,\"name\":\"OSHADI\"}]},{\"@type\":\"WebSite\",\"@id\":\"https:\\\/\\\/yog-in.net\\\/it\\\/#website\",\"url\":\"https:\\\/\\\/yog-in.net\\\/it\\\/\",\"name\":\"YOG-IN Italia\",\"description\":\"Prodotti e accessori per lo yoga\",\"publisher\":{\"@id\":\"https:\\\/\\\/yog-in.net\\\/it\\\/#organization\"},\"potentialAction\":[{\"@type\":\"SearchAction\",\"target\":{\"@type\":\"EntryPoint\",\"urlTemplate\":\"https:\\\/\\\/yog-in.net\\\/it\\\/?s={search_term_string}\"},\"query-input\":{\"@type\":\"PropertyValueSpecification\",\"valueRequired\":true,\"valueName\":\"search_term_string\"}}],\"inLanguage\":\"it-IT\"},{\"@type\":\"Organization\",\"@id\":\"https:\\\/\\\/yog-in.net\\\/it\\\/#organization\",\"name\":\"YOG-IN Italia\",\"url\":\"https:\\\/\\\/yog-in.net\\\/it\\\/\",\"logo\":{\"@type\":\"ImageObject\",\"inLanguage\":\"it-IT\",\"@id\":\"https:\\\/\\\/yog-in.net\\\/it\\\/#\\\/schema\\\/logo\\\/image\\\/\",\"url\":\"https:\\\/\\\/yog-in.net\\\/it\\\/wp-content\\\/uploads\\\/sites\\\/7\\\/2023\\\/10\\\/cropped-yogin_logo_black_on_white_sq650_72dpi.webp\",\"contentUrl\":\"https:\\\/\\\/yog-in.net\\\/it\\\/wp-content\\\/uploads\\\/sites\\\/7\\\/2023\\\/10\\\/cropped-yogin_logo_black_on_white_sq650_72dpi.webp\",\"width\":512,\"height\":512,\"caption\":\"YOG-IN Italia\"},\"image\":{\"@id\":\"https:\\\/\\\/yog-in.net\\\/it\\\/#\\\/schema\\\/logo\\\/image\\\/\"}}]}<\/script>\n<!-- \/ Yoast SEO plugin. -->","yoast_head_json":{"title":"OSHADI - YOG-IN Italia","robots":{"index":"index","follow":"follow","max-snippet":"max-snippet:-1","max-image-preview":"max-image-preview:large","max-video-preview":"max-video-preview:-1"},"canonical":"https:\/\/yog-in.net\/it\/product\/oshadi\/","og_locale":"it_IT","og_type":"article","og_title":"OSHADI - YOG-IN Italia","og_description":"OSHADI decorato con motivi vegetali, per yogis et yoginis dall\u2019animo bucolico\u00a0","og_url":"https:\/\/yog-in.net\/it\/product\/oshadi\/","og_site_name":"YOG-IN Italia","article_modified_time":"2023-11-07T07:59:08+00:00","og_image":[{"width":512,"height":331,"url":"http:\/\/yog-in.net\/it\/wp-content\/uploads\/sites\/7\/2023\/10\/Yogin-mat-bamboo-01.webp","type":"image\/webp"}],"twitter_card":"summary_large_image","twitter_misc":{"Tempo di lettura stimato":"1 minuto"},"schema":{"@context":"https:\/\/schema.org","@graph":[{"@type":"WebPage","@id":"https:\/\/yog-in.net\/it\/product\/oshadi\/","url":"https:\/\/yog-in.net\/it\/product\/oshadi\/","name":"OSHADI - YOG-IN Italia","isPartOf":{"@id":"https:\/\/yog-in.net\/it\/#website"},"primaryImageOfPage":{"@id":"https:\/\/yog-in.net\/it\/product\/oshadi\/#primaryimage"},"image":{"@id":"https:\/\/yog-in.net\/it\/product\/oshadi\/#primaryimage"},"thumbnailUrl":"https:\/\/yog-in.net\/it\/wp-content\/uploads\/sites\/7\/2023\/10\/Yogin-mat-bamboo-01.webp","datePublished":"2023-10-21T10:57:21+00:00","dateModified":"2023-11-07T07:59:08+00:00","breadcrumb":{"@id":"https:\/\/yog-in.net\/it\/product\/oshadi\/#breadcrumb"},"inLanguage":"it-IT","potentialAction":[{"@type":"ReadAction","target":["https:\/\/yog-in.net\/it\/product\/oshadi\/"]}]},{"@type":"ImageObject","inLanguage":"it-IT","@id":"https:\/\/yog-in.net\/it\/product\/oshadi\/#primaryimage","url":"https:\/\/yog-in.net\/it\/wp-content\/uploads\/sites\/7\/2023\/10\/Yogin-mat-bamboo-01.webp","contentUrl":"https:\/\/yog-in.net\/it\/wp-content\/uploads\/sites\/7\/2023\/10\/Yogin-mat-bamboo-01.webp","width":512,"height":331},{"@type":"BreadcrumbList","@id":"https:\/\/yog-in.net\/it\/product\/oshadi\/#breadcrumb","itemListElement":[{"@type":"ListItem","position":1,"name":"Home","item":"https:\/\/yog-in.net\/it\/"},{"@type":"ListItem","position":2,"name":"Shop","item":"https:\/\/yog-in.net\/it\/shop\/"},{"@type":"ListItem","position":3,"name":"OSHADI"}]},{"@type":"WebSite","@id":"https:\/\/yog-in.net\/it\/#website","url":"https:\/\/yog-in.net\/it\/","name":"YOG-IN Italia","description":"Prodotti e accessori per lo yoga","publisher":{"@id":"https:\/\/yog-in.net\/it\/#organization"},"potentialAction":[{"@type":"SearchAction","target":{"@type":"EntryPoint","urlTemplate":"https:\/\/yog-in.net\/it\/?s={search_term_string}"},"query-input":{"@type":"PropertyValueSpecification","valueRequired":true,"valueName":"search_term_string"}}],"inLanguage":"it-IT"},{"@type":"Organization","@id":"https:\/\/yog-in.net\/it\/#organization","name":"YOG-IN Italia","url":"https:\/\/yog-in.net\/it\/","logo":{"@type":"ImageObject","inLanguage":"it-IT","@id":"https:\/\/yog-in.net\/it\/#\/schema\/logo\/image\/","url":"https:\/\/yog-in.net\/it\/wp-content\/uploads\/sites\/7\/2023\/10\/cropped-yogin_logo_black_on_white_sq650_72dpi.webp","contentUrl":"https:\/\/yog-in.net\/it\/wp-content\/uploads\/sites\/7\/2023\/10\/cropped-yogin_logo_black_on_white_sq650_72dpi.webp","width":512,"height":512,"caption":"YOG-IN Italia"},"image":{"@id":"https:\/\/yog-in.net\/it\/#\/schema\/logo\/image\/"}}]}},"_links":{"self":[{"href":"https:\/\/yog-in.net\/it\/wp-json\/wp\/v2\/product\/110","targetHints":{"allow":["GET"]}}],"collection":[{"href":"https:\/\/yog-in.net\/it\/wp-json\/wp\/v2\/product"}],"about":[{"href":"https:\/\/yog-in.net\/it\/wp-json\/wp\/v2\/types\/product"}],"wp:featuredmedia":[{"embeddable":true,"href":"https:\/\/yog-in.net\/it\/wp-json\/wp\/v2\/media\/117"}],"wp:attachment":[{"href":"https:\/\/yog-in.net\/it\/wp-json\/wp\/v2\/media?parent=110"}],"wp:term":[{"taxonomy":"product_brand","embeddable":true,"href":"https:\/\/yog-in.net\/it\/wp-json\/wp\/v2\/product_brand?post=110"},{"taxonomy":"product_cat","embeddable":true,"href":"https:\/\/yog-in.net\/it\/wp-json\/wp\/v2\/product_cat?post=110"},{"taxonomy":"product_tag","embeddable":true,"href":"https:\/\/yog-in.net\/it\/wp-json\/wp\/v2\/product_tag?post=110"}],"curies":[{"name":"wp","href":"https:\/\/api.w.org\/{rel}","templated":true}]}}